{"id":72,"date":"2019-10-06T20:55:21","date_gmt":"2019-10-06T18:55:21","guid":{"rendered":"https:\/\/skwp.pl\/en\/?page_id=72"},"modified":"2021-04-21T14:04:51","modified_gmt":"2021-04-21T12:04:51","slug":"2011-2","status":"publish","type":"page","link":"https:\/\/skwp.pl\/en\/ztr-theoretical-journal-of-accounting\/reviews-and-reviewers\/2011-2\/","title":{"rendered":"2011"},"content":{"rendered":"<p>In 2011, reviewers of articles submitted to be published in ZTR were:<\/p>\n<p>1) members of the Editorial Committee working until September 2011, including:<br \/>\na) Chair: Prof. Alicja Jaruga, PhD (University of \u0141\u00f3d\u017a)<br \/>\nb) members:<br \/>\n&#8211; Prof.\u00a0 Ksenia Czubakowska, PhD (University of Szczecin)<br \/>\n&#8211; Janusz Czerny, PhD (Higher School of Commerce and Accounting in Pozna\u0144)<br \/>\n&#8211;\u00a0 Prof. Andrzej Kardasz, PhD (Wroc\u0142aw University of Economics)<br \/>\n&#8211; Prof. Miros\u0142aw Krajewski, PhD (University of Gda\u0144sk)<br \/>\n&#8211; Prof.\u00a0 Teresa Martyniuk, PhD (University of Gda\u0144sk)<br \/>\n&#8211; Ryszard Orli\u0144ski PhD (Higher Vocational State School in Kalisz)<br \/>\n&#8211; Prof. Kazimierz Sawicki, PhD (University of Szczecin)<\/p>\n<p>2) specialists invited by the Editorial Committee, including:<br \/>\n&#8211; Prof. Rados\u0142aw Ignatowski, PhD (University of \u0141\u00f3d\u017a)<br \/>\n&#8211; Prof. Wanda Skoczylas, PhD (University of Szczecin)<br \/>\n&#8211; Prof. Irena Soba\u0144ska, PhD (University of \u0141\u00f3d\u017a)<br \/>\n&#8211; Maciej Frendzel, PhD (University of \u0141\u00f3d\u017a)<br \/>\n&#8211; El\u017cbieta Pogodzi\u0144ska-Mizdrak, PhD (Cracow University of Economics)<br \/>\n&#8211; Adam \u017bwirbla, PhD (Higher School of Humanities and Economics in W\u0142oc\u0142awek)<\/p>\n","protected":false},"excerpt":{"rendered":"<p>In 2011, reviewers of articles submitted to be published in ZTR were: 1) members of the Editorial Committee working until September 2011, including: a) Chair: Prof. Alicja Jaruga, PhD (University of \u0141\u00f3d\u017a) b) members: &#8211; Prof.\u00a0 Ksenia Czubakowska, PhD (University of Szczecin) &#8211; Janusz Czerny, PhD (Higher School of Commerce and Accounting in Pozna\u0144) &#8211;\u00a0 [&hellip;]<\/p>\n","protected":false},"author":1,"featured_media":0,"parent":54,"menu_order":1000,"comment_status":"closed","ping_status":"closed","template":"","meta":{"_acf_changed":false,"footnotes":""},"class_list":["post-72","page","type-page","status-publish","hentry"],"acf":[],"_links":{"self":[{"href":"https:\/\/skwp.pl\/en\/wp-json\/wp\/v2\/pages\/72","targetHints":{"allow":["GET"]}}],"collection":[{"href":"https:\/\/skwp.pl\/en\/wp-json\/wp\/v2\/pages"}],"about":[{"href":"https:\/\/skwp.pl\/en\/wp-json\/wp\/v2\/types\/page"}],"author":[{"embeddable":true,"href":"https:\/\/skwp.pl\/en\/wp-json\/wp\/v2\/users\/1"}],"replies":[{"embeddable":true,"href":"https:\/\/skwp.pl\/en\/wp-json\/wp\/v2\/comments?post=72"}],"version-history":[{"count":1,"href":"https:\/\/skwp.pl\/en\/wp-json\/wp\/v2\/pages\/72\/revisions"}],"predecessor-version":[{"id":73,"href":"https:\/\/skwp.pl\/en\/wp-json\/wp\/v2\/pages\/72\/revisions\/73"}],"up":[{"embeddable":true,"href":"https:\/\/skwp.pl\/en\/wp-json\/wp\/v2\/pages\/54"}],"wp:attachment":[{"href":"https:\/\/skwp.pl\/en\/wp-json\/wp\/v2\/media?parent=72"}],"curies":[{"name":"wp","href":"https:\/\/api.w.org\/{rel}","templated":true}]}}