{"id":68,"date":"2019-10-06T20:54:21","date_gmt":"2019-10-06T18:54:21","guid":{"rendered":"https:\/\/skwp.pl\/en\/?page_id=68"},"modified":"2021-04-21T14:05:13","modified_gmt":"2021-04-21T12:05:13","slug":"2013-2","status":"publish","type":"page","link":"https:\/\/skwp.pl\/en\/ztr-theoretical-journal-of-accounting\/reviews-and-reviewers\/2013-2\/","title":{"rendered":"2013"},"content":{"rendered":"<p>Reviewers of articles submitted to be published in ZTR in 2013<\/p>\n<p><strong>Polish reviewers:<\/strong><\/p>\n<ul>\n<li>dr hab. Jacek Adamek, profesor Uniwersytetu Ekonomicznego we Wroc\u0142awiu<\/li>\n<li>dr Bogus\u0142awa Bek-Gaik, Uniwersytet Ekonomiczny w Krakowie<\/li>\n<li>dr hab. Jolanta Chluska, prof. Politechniki Cz\u0119stochowskiej<\/li>\n<li>prof. dr hab. Ksenia Czubakowska, Uniwersytet Szczeci\u0144ski<\/li>\n<li>dr hab. Dorota Dobija, profesor Akademii Leona Ko\u017ami\u0144skiego<\/li>\n<li>prof. dr hab. Mieczys\u0142aw Dobija, Uniwersytet Ekonomiczny w Krakowie<\/li>\n<li>dr hab. Waldemar Dotku\u015b, profesor Uniwersytetu Ekonomicznego we Wroc\u0142awiu<\/li>\n<li>dr hab. in\u017c. Tadeusz Dudycz, profesor Politechniki Wroc\u0142awskiej<\/li>\n<li>dr Tomasz Dyczkowski, Uniwersytet Ekonomiczny we Wroc\u0142awiu<\/li>\n<li>dr hab. Zbigniew Go\u0142a\u015b, profesor Uniwersytetu Przyrodniczego w Poznaniu<\/li>\n<li>prof. dr hab. Waldemar Gos, Uniwersytet Szczeci\u0144ski<\/li>\n<li>dr hab. Ewa Hellich, profesor Szko\u0142y G\u0142\u00f3wnej Handlowej w Warszawie<\/li>\n<li>dr hab. Gabriela Idzikowska, profesor Wy\u017cszej Szko\u0142y Humanistyczno-Ekonomicznej w Pabianicach<\/li>\n<li>dr hab. Rados\u0142aw Ignatowski, profesor Uniwersytetu \u0141\u00f3dzkiego<\/li>\n<li>dr hab. Przemys\u0142aw Kabalski, Uniwersytet \u0141\u00f3dzki<\/li>\n<li>dr hab. Andrzej Kardasz, profesor Uniwersytetu Ekonomicznego we Wroc\u0142awiu<\/li>\n<li>prof. dr hab. Anna Karma\u0144ska, Szko\u0142a G\u0142\u00f3wna Handlowa w Warszawie<\/li>\n<li>dr hab. Miros\u0142aw Krajewski, profesor Uniwersytetu Gda\u0144skiego<\/li>\n<li>dr Bartosz Kurek, Uniwersytet Ekonomiczny w Krakowie<\/li>\n<li>dr hab. Przemys\u0142aw Lech, profesor Uniwersytetu Gda\u0144skiego<\/li>\n<li>dr hab. Monika Marcinkowska, profesor Uniwersytetu \u0141\u00f3dzkiego<\/li>\n<li>prof. dr hab. Teresa Martyniuk, Uniwersytet Gda\u0144ski<\/li>\n<li>dr Jan Michalak, Uniwersytet \u0141\u00f3dzki<\/li>\n<li>dr hab. Bart\u0142omiej Nita, profesor Uniwersytetu Ekonomicznego we Wroc\u0142awiu<\/li>\n<li>prof. dr hab. Edward Nowak, Uniwersytet Ekonomiczny we Wroc\u0142awiu<\/li>\n<li>dr Ryszard Orli\u0144ski, Pa\u0144stwowa Wy\u017csza Szko\u0142a Zawodowa w Kaliszu<\/li>\n<li>dr hab. J\u00f3zef Pfaff, profesor Uniwersytetu Ekonomicznego w Katowicach<\/li>\n<li>dr hab. Andrzej Piosik, profesor Uniwersytetu Ekonomicznego w Katowicach<\/li>\n<li>dr El\u017cbieta Pogodzi\u0144ska-Mizdrak, Uniwersytet Ekonomiczny w Krakowie<\/li>\n<li>dr hab. Marzena Remlein, profesor Uniwersytetu Ekonomicznego w Poznaniu<\/li>\n<li>prof. dr hab. dr h.c. US Kazimierz Sawicki, Uniwersytet Szczeci\u0144ski<\/li>\n<li>dr hab. Wanda Skoczylas, profesor Uniwersytetu Szczeci\u0144skiego<\/li>\n<li>prof. dr hab. S\u0142awomir Sojak, Uniwersytet Miko\u0142aja Kopernika w Toruniu<\/li>\n<li>dr Arleta Szadziewska, Uniwersytet Gda\u0144ski<\/li>\n<li>dr hab. Miko\u0142aj Turzy\u0144ski, Uniwersytet \u0141\u00f3dzki<\/li>\n<li>prof. dr hab. Dariusz W\u0119dzki, Uniwersytet Ekonomiczny w Krakowie<\/li>\n<li>dr hab. Joanna Wielg\u00f3rska-Leszczy\u0144ska, profesor Szko\u0142y G\u0142\u00f3wnej Handlowej w Warszawie<\/li>\n<li>prof. dr hab. Kazimiera Winiarska, Uniwersytet Szczeci\u0144ski<\/li>\n<li>dr hab. Piotr W\u00f3jtowicz, Uniwersytet Ekonomiczny w Krakowie<\/li>\n<li>dr Adam \u017bwirbla, profesor Wy\u017cszej Szko\u0142y Humanistyczno-Ekonomicznej we W\u0142oc\u0142awku<\/li>\n<\/ul>\n<p><strong>Foreign reviewers:<\/strong><\/p>\n<ul>\n<li>prof. dr Borja Amor-Tapia, Universidad de Extremadura, Hiszpania<\/li>\n<li>prof. dr Ceslovas Christauskas, Kaunas University of Technology, Litwa<\/li>\n<li>prof. dr Thomas G\u00fcnther, Technische Universit\u00e4t Dresden, Niemcy<\/li>\n<li>prof. dr Lisa Jack, University of Portsmouth, Wielka Brytania<\/li>\n<li>prof. Ing. Bohumil Kr\u00e1l, CSc., University of Economics Prague, Czechy<\/li>\n<li>prof. dr Erkki K. Laitinen, University of Vaasa, Finlandia<\/li>\n<li>dr Sinikka Moilanen, University of Oulu, Finlandia<\/li>\n<li>dr Uwe N\u00f6lte, Duale Hochschule Baden-W\u00fcrttemberg, Karlsruhe, Niemcy<\/li>\n<li>prof. dr Jari Paranko, Tampere University of Technology, Finlandia<\/li>\n<li>prof. dr Ing. Milos Tumpach, University of Economics in Bratislava, S\u0142owacja<\/li>\n<li><\/li>\n<\/ul>\n","protected":false},"excerpt":{"rendered":"<p>Reviewers of articles submitted to be published in ZTR in 2013 Polish reviewers: dr hab. Jacek Adamek, profesor Uniwersytetu Ekonomicznego we Wroc\u0142awiu dr Bogus\u0142awa Bek-Gaik, Uniwersytet Ekonomiczny w Krakowie dr hab. Jolanta Chluska, prof. Politechniki Cz\u0119stochowskiej prof. dr hab. Ksenia Czubakowska, Uniwersytet Szczeci\u0144ski dr hab. Dorota Dobija, profesor Akademii Leona Ko\u017ami\u0144skiego prof. dr hab. Mieczys\u0142aw [&hellip;]<\/p>\n","protected":false},"author":1,"featured_media":0,"parent":54,"menu_order":998,"comment_status":"closed","ping_status":"closed","template":"","meta":{"_acf_changed":false,"footnotes":""},"class_list":["post-68","page","type-page","status-publish","hentry"],"acf":[],"_links":{"self":[{"href":"https:\/\/skwp.pl\/en\/wp-json\/wp\/v2\/pages\/68","targetHints":{"allow":["GET"]}}],"collection":[{"href":"https:\/\/skwp.pl\/en\/wp-json\/wp\/v2\/pages"}],"about":[{"href":"https:\/\/skwp.pl\/en\/wp-json\/wp\/v2\/types\/page"}],"author":[{"embeddable":true,"href":"https:\/\/skwp.pl\/en\/wp-json\/wp\/v2\/users\/1"}],"replies":[{"embeddable":true,"href":"https:\/\/skwp.pl\/en\/wp-json\/wp\/v2\/comments?post=68"}],"version-history":[{"count":1,"href":"https:\/\/skwp.pl\/en\/wp-json\/wp\/v2\/pages\/68\/revisions"}],"predecessor-version":[{"id":69,"href":"https:\/\/skwp.pl\/en\/wp-json\/wp\/v2\/pages\/68\/revisions\/69"}],"up":[{"embeddable":true,"href":"https:\/\/skwp.pl\/en\/wp-json\/wp\/v2\/pages\/54"}],"wp:attachment":[{"href":"https:\/\/skwp.pl\/en\/wp-json\/wp\/v2\/media?parent=68"}],"curies":[{"name":"wp","href":"https:\/\/api.w.org\/{rel}","templated":true}]}}