{"id":66,"date":"2019-10-06T20:53:42","date_gmt":"2019-10-06T18:53:42","guid":{"rendered":"https:\/\/skwp.pl\/en\/?page_id=66"},"modified":"2021-04-21T14:05:19","modified_gmt":"2021-04-21T12:05:19","slug":"2014-2","status":"publish","type":"page","link":"https:\/\/skwp.pl\/en\/ztr-theoretical-journal-of-accounting\/reviews-and-reviewers\/2014-2\/","title":{"rendered":"2014"},"content":{"rendered":"<p>Reviewers of articles submitted to be published in ZTR in 2014<\/p>\n<p><strong>Polish reviewers:<\/strong><br \/>\ndr hab. Jacek Adamek (Uniwersytet Ekonomiczny we Wroc\u0142awiu)<br \/>\ndr Aleksandra Banaszkiewicz (Uniwersytet Miko\u0142aja Kopernika w Toruniu)<br \/>\nprof. dr. hab. Halina Buk (Uniwersytet Ekonomiczny w Katowicach<br \/>\ndr hab. Jolanta Chluska (Politechnika Cz\u0119stochowska)<br \/>\nprof. dr hab. Ksenia Czubakowska (Uniwersytet Szczeci\u0144ski)<br \/>\ndr hab. Dorota Dobija (Akademia Leona Ko\u017ami\u0144skiego w Warszawie)<br \/>\nprof. dr hab. Mieczys\u0142aw Dobija (Uniwersytet Ekonomiczny w Krakowie)<br \/>\ndr hab. Waldemar Dotku\u015b (Uniwersytet Ekonomiczny we Wroc\u0142awiu)<br \/>\ndr Joanna Dyczkowska (Uniwersytet Ekonomiczny we Wroc\u0142awiu)<br \/>\ndr Tomasz Dyczkowski (Uniwersytet Ekonomiczny we Wroc\u0142awiu)<br \/>\ndr in\u017c. Dominika Fija\u0142kowska (Uniwersytet Ekonomiczny we Wroc\u0142awiu)<br \/>\nprof. dr hab. Wiktor Gabrusiewicz (Uniwersytet Ekonomiczny w Poznaniu)<br \/>\nprof. dr hab. Waldemar Gos (Uniwersytet Szczeci\u0144ski)<br \/>\ndr hab. Barbara Gierusz (Uniwersytet Gda\u0144ski)<br \/>\nprof. dr hab. Jerzy Gierusz (Uniwersytet Gda\u0144ski)<br \/>\ndr hab. Ewa Hellich (Szko\u0142a G\u0142\u00f3wna Handlowa w Warszawie)<br \/>\ndr hab. Artur Ho\u0142da (Uniwersytet Ekonomiczny w Krakowie)<br \/>\ndr Stanis\u0142aw Ho\u0144ko (Uniwersytet Szczeci\u0144ski)<br \/>\ndr hab. Gabriela Idzikowska (Wy\u017csza Szko\u0142a Humanistyczno-Ekonomiczna w Pabianicach)<br \/>\ndr hab. Rados\u0142aw Ignatowski (Uniwersytet \u0141\u00f3dzki)<br \/>\ndr hab. Przemys\u0142aw Kabalski (Uniwersytet \u0141\u00f3dzki)<br \/>\ndr Jacek Kalinowski (Uniwersytet \u0141\u00f3dzki)<br \/>\nprof. dr hab. Aldona Kamela-Sowi\u0144ska (Uniwersytet Ekonomiczny w Poznaniu)<br \/>\ndr hab. Andrzej Kardasz (Uniwersytet Ekonomiczny we Wroc\u0142awiu)<br \/>\nprof. dr hab. Anna Karma\u0144ska (Szko\u0142a G\u0142\u00f3wna Handlowa w Warszawie)<br \/>\ndr Karol Klimczak (Akademia Leona Ko\u017ami\u0144skiego w Warszawie)<br \/>\ndr Joanna Koczar (Uniwersytet Ekonomiczny we Wroc\u0142awiu)<br \/>\ndr Bartosz Kurek (Uniwersytet Ekonomiczny w Krakowie)<br \/>\ndr Helena Kurek (Uniwersytet Ekonomiczny w Krakowie)<br \/>\ndr hab. Henryk Lelusz (Uniwersytet Warmi\u0144sko-Mazurski)<br \/>\nprof. dr hab. Monika Marcinkowska (Uniwersytet \u0141\u00f3dzki)<br \/>\nprof. dr hab. Teresa Martyniuk (Uniwersytet Gda\u0144ski)<br \/>\ndr Marek Masztalerz (Uniwersytet Ekonomiczny w Poznaniu)<br \/>\ndr Przemys\u0142aw Mu\u0107ko (Uniwersytet Szczeci\u0144ski)<br \/>\ndr hab. Bart\u0142omiej Nita (Uniwersytet Ekonomiczny we Wroc\u0142awiu)<br \/>\nprof. dr hab. Edward Nowak (Uniwersytet Ekonomiczny we Wroc\u0142awiu)<br \/>\ndr hab. Wojciech Nowak (Uniwersytet \u0141\u00f3dzki)<br \/>\ndr Ryszard Orli\u0144ski (Pa\u0144stwowa Wy\u017csza Szko\u0142a Zawodowa w Kaliszu)<br \/>\ndr hab. J\u00f3zef Pfaff (Uniwersytet Ekonomiczny w Katowicach)<br \/>\ndr Edward Pielichaty (Uniwersytet Ekonomiczny we Wroc\u0142awiu)<br \/>\ndr hab. Andrzej Piosik (Uniwersytet Ekonomiczny w Katowicach)<br \/>\ndr El\u017cbieta Pogodzi\u0144ska-Mizdrak (Uniwersytet Ekonomiczny w Krakowie)<br \/>\ndr hab. Marzena Remlein (Uniwersytet Ekonomiczny w Poznaniu)<br \/>\nprof. dr hab. dr h.c. US Kazimierz Sawicki (Uniwersytet Szczeci\u0144ski)<br \/>\ndr hab. Wanda Skoczylas (Uniwersytet Szczeci\u0144ski)<br \/>\nprof. dr hab. Irena Soba\u0144ska (Uniwersytet \u0141\u00f3dzki)<br \/>\nprof. dr hab. S\u0142awomir Sojak (Uniwersytet Miko\u0142aja Kopernika w Toruniu)<br \/>\ndr hab. Arleta Szadziewska (Uniwersytet Gda\u0144ski)<br \/>\ndr hab. Miko\u0142aj Turzy\u0144ski (Uniwersytet \u0141\u00f3dzki)<br \/>\nprof. dr hab. Kazimiera Winiarska (Uniwersytet Szczeci\u0144ski)<br \/>\nprof. dr hab. Dariusz W\u0119dzki (Uniwersytet Ekonomiczny w Krakowie)<br \/>\ndr hab. Joanna Wielg\u00f3rska-Leszczy\u0144ska (Szko\u0142a G\u0142\u00f3wna Handlowa w Warszawie)<br \/>\ndr hab. Piotr W\u00f3jtowicz (Uniwersytet Ekonomiczny w Krakowie)<br \/>\nprof. dr hab. Janusz Wywia\u0142 (Uniwersytet Ekonomiczny w Katowicach)<\/p>\n<p><strong>Foreign reviewers:<\/strong><br \/>\nprof. dr Jaan Alver (Tallinn University of Technology, Estonia)<br \/>\nprof. dr Borja Amor-Tapia (Universidad de Extremadura, Spain)<br \/>\nprof. dr Ceslovas Christauskas (Kaunas University of Technology, Lithuania)<br \/>\nprof. dr Lisa Jack (University of Portsmouth, UK)<br \/>\nprof. ing. Bohumil Kr\u00e1l, CSc. (University of Economics Prague, The Czech Republic)<br \/>\nprof. habil. dr. Vaclovas Lakis (Vilnius Univeristy, Lithuania)<br \/>\nprof. dr Sinikka Moilanen (University of Oulu, Finland)<br \/>\nprof. dr \u00dclle P\u00e4rl (University of Tartu, Estonia)<br \/>\nprof. dr Kristina Rud\u017eionien\u0117 (Vilnius University, Lithuania)<br \/>\nprof. dr Irina Shvets (Donetsk National Technical University, Ukraine)<br \/>\nprof. dr Ing. Milos Tumpach (University of Economics in Bratislava, Slovakia)<br \/>\nprof. dr Iwona Vellam (University of Greenwich, UK).<\/p>\n","protected":false},"excerpt":{"rendered":"<p>Reviewers of articles submitted to be published in ZTR in 2014 Polish reviewers: dr hab. Jacek Adamek (Uniwersytet Ekonomiczny we Wroc\u0142awiu) dr Aleksandra Banaszkiewicz (Uniwersytet Miko\u0142aja Kopernika w Toruniu) prof. dr. hab. Halina Buk (Uniwersytet Ekonomiczny w Katowicach dr hab. Jolanta Chluska (Politechnika Cz\u0119stochowska) prof. dr hab. Ksenia Czubakowska (Uniwersytet Szczeci\u0144ski) dr hab. Dorota Dobija [&hellip;]<\/p>\n","protected":false},"author":1,"featured_media":0,"parent":54,"menu_order":997,"comment_status":"closed","ping_status":"closed","template":"","meta":{"_acf_changed":false,"footnotes":""},"class_list":["post-66","page","type-page","status-publish","hentry"],"acf":[],"_links":{"self":[{"href":"https:\/\/skwp.pl\/en\/wp-json\/wp\/v2\/pages\/66","targetHints":{"allow":["GET"]}}],"collection":[{"href":"https:\/\/skwp.pl\/en\/wp-json\/wp\/v2\/pages"}],"about":[{"href":"https:\/\/skwp.pl\/en\/wp-json\/wp\/v2\/types\/page"}],"author":[{"embeddable":true,"href":"https:\/\/skwp.pl\/en\/wp-json\/wp\/v2\/users\/1"}],"replies":[{"embeddable":true,"href":"https:\/\/skwp.pl\/en\/wp-json\/wp\/v2\/comments?post=66"}],"version-history":[{"count":3,"href":"https:\/\/skwp.pl\/en\/wp-json\/wp\/v2\/pages\/66\/revisions"}],"predecessor-version":[{"id":212,"href":"https:\/\/skwp.pl\/en\/wp-json\/wp\/v2\/pages\/66\/revisions\/212"}],"up":[{"embeddable":true,"href":"https:\/\/skwp.pl\/en\/wp-json\/wp\/v2\/pages\/54"}],"wp:attachment":[{"href":"https:\/\/skwp.pl\/en\/wp-json\/wp\/v2\/media?parent=66"}],"curies":[{"name":"wp","href":"https:\/\/api.w.org\/{rel}","templated":true}]}}