{"id":64,"date":"2019-10-06T20:53:18","date_gmt":"2019-10-06T18:53:18","guid":{"rendered":"https:\/\/skwp.pl\/en\/?page_id=64"},"modified":"2021-04-21T14:05:26","modified_gmt":"2021-04-21T12:05:26","slug":"2015-2","status":"publish","type":"page","link":"https:\/\/skwp.pl\/en\/ztr-theoretical-journal-of-accounting\/reviews-and-reviewers\/2015-2\/","title":{"rendered":"2015"},"content":{"rendered":"<p><strong>The list of reviewers of articles in \u201cZeszyty Teoretyczne Rachunkow\u015bci\u201d in 2015<\/strong><br \/>\n<strong><br \/>\nPolish reviewers: <\/strong><\/p>\n<ul>\n<li>dr hab. Bogus\u0142awa Bek-Gaik (Uniwersytet Ekonomiczny w Krakowie),<\/li>\n<li>prof. dr hab. Halina Buk (Uniwersytet Ekonomiczny w Katowicach),<\/li>\n<li>dr hab. Jolanta Chluska (Politechnika Cz\u0119stochowska),<\/li>\n<li>dr hab. Marek Cie\u015blak (Uniwersytet Ekonomiczny w Poznaniu),<\/li>\n<li>prof. dr hab. Dorota Dobija (Akademia Leona Ko\u017ami\u0144skiego w Warszawie),<\/li>\n<li>prof. dr hab. Mieczys\u0142aw Dobija (Uniwersytet Ekonomiczny w Krakowie),<\/li>\n<li>dr hab. Waldemar Dotku\u015b (Uniwersytet Ekonomiczny we Wroc\u0142awiu),<\/li>\n<li>dr hab. in\u017c. Tadeusz Dudycz (Politechnika Wroc\u0142awska we Wroc\u0142awiu),<\/li>\n<li>dr Joanna Dyczkowska (Uniwersytet Ekonomiczny we Wroc\u0142awiu),<\/li>\n<li>dr Tomasz Dyczkowski (Uniwersytet Ekonomiczny we Wroc\u0142awiu),<\/li>\n<li>prof. dr hab. Waldemar Gos (Uniwersytet Szczeci\u0144ski),<\/li>\n<li>dr hab. Maria Hass-Symotiuk (Uniwersytet Szczeci\u0144ski),<\/li>\n<li>dr hab. Ewa Hellich (Szko\u0142a G\u0142\u00f3wna Handlowa w Warszawie),<\/li>\n<li>dr hab. Stanis\u0142aw Ho\u0144ko (Uniwersytet Szczeci\u0144ski),<\/li>\n<li>dr hab. Rados\u0142aw Ignatowski (Uniwersytet \u0141\u00f3dzki),<\/li>\n<li>dr hab. Arkadiusz Januszewski (Uniwersytet Technologiczno-Przyrodniczy im. Jana i J\u0119drzeja \u015aniadeckich w Bydgoszczy),<\/li>\n<li>prof. dr hab. Aldona Kamela-Sowi\u0144ska (Uniwersytet Ekonomiczny w Poznaniu),<\/li>\n<li>dr in\u017c. Tomasz Kondraszczuk (Szko\u0142a G\u0142\u00f3wna Gospodarstwa Wiejskiego w Warszawie),<\/li>\n<li>dr hab. Robert Kowalak (Uniwersytet Ekonomiczny we Wroc\u0142awiu),<\/li>\n<li>dr hab. in\u017c. Alina Kozarkiewicz (Akademia G\u00f3rniczo-Hutnicza w Krakowie),<\/li>\n<li>dr hab. Joanna Krasodomska (Uniwersytet Ekonomiczny w Krakowie),<\/li>\n<li>dr Bartosz Kurek (Uniwersytet Ekonomiczny w Krakowie),<\/li>\n<li>prof. dr hab. Helena Kurek (Uniwersytet Ekonomiczny w Krakowie),<\/li>\n<li>prof. dr hab. Zbigniew Luty (Uniwersytet Ekonomiczny we Wroc\u0142awiu),<\/li>\n<li>dr hab. in\u017c. Monika \u0141ada (Akademia G\u00f3rniczo-Hutnicza w Krakowie),<\/li>\n<li>prof. dr hab. Monika Marcinkowska (Uniwersytet \u0141\u00f3dzki),<\/li>\n<li>dr Jan Michalak (Uniwersytet \u0141\u00f3dzki),<\/li>\n<li>dr Przemys\u0142aw Mu\u0107ko (Uniwersytet Szczeci\u0144ski),<\/li>\n<li>dr hab. Bart\u0142omiej Nita (Uniwersytet Ekonomiczny we Wroc\u0142awiu),<\/li>\n<li>prof. dr hab. Edward Nowak (Uniwersytet Ekonomiczny we Wroc\u0142awiu),<\/li>\n<li>dr hab. Marta Nowak (Uniwersytet Ekonomiczny we Wroc\u0142awiu),<\/li>\n<li>dr hab. Krystian Pera (Uniwersytet Ekonomiczny w Katowicach),<\/li>\n<li>dr hab. J\u00f3zef Pfaff (Uniwersytet Ekonomiczny w Katowicach),<\/li>\n<li>dr hab. Andrzej Piosik (Uniwersytet Ekonomiczny w Katowicach),<\/li>\n<li>dr El\u017cbieta Pogodzi\u0144ska-Mizdrak (Uniwersytet Ekonomiczny w Krakowie),<\/li>\n<li>dr hab. Marzena Remlein (Uniwersytet Ekonomiczny w Poznaniu),<\/li>\n<li>dr Jurij Renkas (Uniwersytet Ekonomiczny w Krakowie),<\/li>\n<li>prof. dr hab. dr h.c. Kazimierz Sawicki (Uniwersytet Szczeci\u0144ski),<\/li>\n<li>prof. dr hab. Wanda Skoczylas (Uniwersytet Szczeci\u0144ski),<\/li>\n<li>prof. dr hab. S\u0142awomir Sojak (Uniwersytet Miko\u0142aja Kopernika w Toruniu),<\/li>\n<li>dr hab. Arleta Szadziewska (Uniwersytet Gda\u0144ski),<\/li>\n<li>dr hab. Miko\u0142aj Turzy\u0144ski (Uniwersytet \u0141\u00f3dzki),<\/li>\n<li>dr hab. Grzegorz Urbanek (Uniwersytet \u0141\u00f3dzki),<\/li>\n<li>dr Agnieszka Wencel (Uniwersytet \u0141\u00f3dzki),<\/li>\n<li>prof. dr hab. Dariusz W\u0119dzki (Uniwersytet Ekonomiczny w Krakowie),<\/li>\n<li>dr in\u017c. Ma\u0142gorzata W\u0119grzy\u0144ska (Wy\u017csza Szko\u0142a Bankowa w Poznaniu),<\/li>\n<li>dr hab. Joanna Wielg\u00f3rska-Leszczy\u0144ska (Szko\u0142a G\u0142\u00f3wna Handlowa w Warszawie),<\/li>\n<li>prof. dr hab. Kazimiera Winiarska (Uniwersytet Szczeci\u0144ski),<\/li>\n<li>dr hab. Piotr W\u00f3jtowicz (Uniwersytet Ekonomiczny w Krakowie),<\/li>\n<li>dr hab. in\u017c. Zofia Wyszkowska (Uniwersytet Technologiczno-Przyrodniczy im. Jana i J\u0119drzeja \u015aniadeckich w Bydgoszczy),<\/li>\n<li>dr Adam \u017bwirbla (Wy\u017csza Szko\u0142a Humanistyczno-Ekonomiczna we W\u0142oc\u0142awku).<\/li>\n<\/ul>\n<p><strong>Foreign reviewers: <\/strong><\/p>\n<ul>\n<li>prof. dr Catalin Nicolae Albu (The Bucharest Academy of Economic Studies, Rumunia),<\/li>\n<li>prof. dr Nadia Albu (The Bucharest Academy of Economic Studies, Rumunia),<\/li>\n<li>prof dr. Toomas Haldma (University of Tartu, Estonia),<\/li>\n<li>prof. ing. Bohumil Kr\u00e1l, CSc. (University of Economics Prague, Czechy),<\/li>\n<li>prof. habil. dr. Vaclovas Lakis (Vilnius University,\u00a0 Litwa),<\/li>\n<li>prof. dr Sinikka Moilanen (University of Oulu, Finlandia),<\/li>\n<li>prof. dr \u00dclle P\u00e4rl (University of Tartu, Estonia),<\/li>\n<li>prof. dr Agn\u00e8 Ramanauskait\u00e8 (Vilnius University, Litwa),<\/li>\n<li>prof. dr Kristina Rud\u017eionien\u0117 (Vilnius University, Litwa),<\/li>\n<li>prof. dr Rasa Subaciene (Vilnius University, Litwa),<\/li>\n<li>dr Gynover Takats (Wszechnica Polska, Biuro Rachunkowe \u201eRzetelne Ksi\u0119gi\u201d),<\/li>\n<li>prof. dr Iwona Vellam (University of Greenwich, Wielka Brytania).<\/li>\n<\/ul>\n","protected":false},"excerpt":{"rendered":"<p>The list of reviewers of articles in \u201cZeszyty Teoretyczne Rachunkow\u015bci\u201d in 2015 Polish reviewers: dr hab. Bogus\u0142awa Bek-Gaik (Uniwersytet Ekonomiczny w Krakowie), prof. dr hab. Halina Buk (Uniwersytet Ekonomiczny w Katowicach), dr hab. Jolanta Chluska (Politechnika Cz\u0119stochowska), dr hab. Marek Cie\u015blak (Uniwersytet Ekonomiczny w Poznaniu), prof. dr hab. Dorota Dobija (Akademia Leona Ko\u017ami\u0144skiego w Warszawie), [&hellip;]<\/p>\n","protected":false},"author":1,"featured_media":0,"parent":54,"menu_order":996,"comment_status":"closed","ping_status":"closed","template":"","meta":{"_acf_changed":false,"footnotes":""},"class_list":["post-64","page","type-page","status-publish","hentry"],"acf":[],"_links":{"self":[{"href":"https:\/\/skwp.pl\/en\/wp-json\/wp\/v2\/pages\/64","targetHints":{"allow":["GET"]}}],"collection":[{"href":"https:\/\/skwp.pl\/en\/wp-json\/wp\/v2\/pages"}],"about":[{"href":"https:\/\/skwp.pl\/en\/wp-json\/wp\/v2\/types\/page"}],"author":[{"embeddable":true,"href":"https:\/\/skwp.pl\/en\/wp-json\/wp\/v2\/users\/1"}],"replies":[{"embeddable":true,"href":"https:\/\/skwp.pl\/en\/wp-json\/wp\/v2\/comments?post=64"}],"version-history":[{"count":1,"href":"https:\/\/skwp.pl\/en\/wp-json\/wp\/v2\/pages\/64\/revisions"}],"predecessor-version":[{"id":65,"href":"https:\/\/skwp.pl\/en\/wp-json\/wp\/v2\/pages\/64\/revisions\/65"}],"up":[{"embeddable":true,"href":"https:\/\/skwp.pl\/en\/wp-json\/wp\/v2\/pages\/54"}],"wp:attachment":[{"href":"https:\/\/skwp.pl\/en\/wp-json\/wp\/v2\/media?parent=64"}],"curies":[{"name":"wp","href":"https:\/\/api.w.org\/{rel}","templated":true}]}}