{"id":61,"date":"2019-10-06T20:52:32","date_gmt":"2019-10-06T18:52:32","guid":{"rendered":"https:\/\/skwp.pl\/en\/?page_id=61"},"modified":"2021-04-21T14:05:43","modified_gmt":"2021-04-21T12:05:43","slug":"2016-2","status":"publish","type":"page","link":"https:\/\/skwp.pl\/en\/ztr-theoretical-journal-of-accounting\/reviews-and-reviewers\/2016-2\/","title":{"rendered":"2016"},"content":{"rendered":"<p><strong>Polish reviewers: <\/strong><br \/>\n\u2022 dr hab. Adam Adamczyk (Uniwersytet Szczeci\u0144ski)<br \/>\n\u2022 dr hab. Jacek Adamek (Uniwersytet Ekonomiczny we Wroc\u0142awiu)<br \/>\n\u2022 dr Nelli Artienwicz (Uniwersytet Gda\u0144ski)<br \/>\n\u2022 dr Aleksandra Banaszkiewicz (Uniwersytet Miko\u0142aja Kopernika w Toruniu)<br \/>\n\u2022 dr hab. Jolanta Chluska (Politechnika Cz\u0119stochowska)<br \/>\n\u2022 prof. dr hab. Dorota Dobija (Akademia Leona Ko\u017ami\u0144skiego w Warszawie)<br \/>\n\u2022 dr hab. Waldemar Dotku\u015b (Uniwersytet Ekonomiczny we Wroc\u0142awiu)<br \/>\n\u2022 dr Joanna Dyczkowska (Uniwersytet Ekonomiczny we Wroc\u0142awiu)<br \/>\n\u2022 dr Tomasz Dyczkowski (Uniwersytet Ekonomiczny we Wroc\u0142awiu)<br \/>\n\u2022 dr Justyna Fija\u0142kowska (Uniwersytet \u0141\u00f3dzki)<br \/>\n\u2022 prof. dr hab. Waldemar Gos (Uniwersytet Szczeci\u0144ski)<br \/>\n\u2022 dr hab. Maria Hass-Symotiuk (Uniwersytet Szczeci\u0144ski)<br \/>\n\u2022 dr hab. Ewa Hellich (Szko\u0142a G\u0142\u00f3wna Handlowa w Warszawie)<br \/>\n\u2022 dr hab. Artur Ho\u0142da (Uniwersytet Ekonomiczny w Krakowie)<br \/>\n\u2022 dr hab. Stanis\u0142aw Ho\u0144ko (Uniwersytet Szczeci\u0144ski)<br \/>\n\u2022 dr hab. Rados\u0142aw Ignatowski (Uniwersytet \u0141\u00f3dzki)<br \/>\n\u2022 dr hab. Arkadiusz Januszewski (Uniwersytet Technologiczno-Przyrodniczy im. Jana i J\u0119drzeja \u015aniadeckich w Bydgoszczy)<br \/>\n\u2022 dr hab. Przemys\u0142aw Kabalski (Uniwersytet \u0141\u00f3dzki)<br \/>\n\u2022 prof. dr hab. Aldona Kamela-Sowi\u0144ska (Uniwersytet Ekonomiczny w Po-znaniu)<br \/>\n\u2022 prof. zw. dr hab. Teresa Kiziukiewicz (Uniwersytet Szczeci\u0144ski)<br \/>\n\u2022 dr hab. Robert Kowalak (Uniwersytet Ekonomiczny we Wroc\u0142awiu)<br \/>\n\u2022 dr hab. Joanna Krasodomska (Uniwersytet Ekonomiczny w Krakowie)<br \/>\n\u2022 dr Bartosz Kurek (Uniwersytet Ekonomiczny w Krakowie)<br \/>\n\u2022 prof. dr hab. Helena Kurek (Uniwersytet Ekonomiczny w Krakowie)<br \/>\n\u2022 prof. dr hab. Zbigniew Luty (Uniwersytet Ekonomiczny we Wroc\u0142awiu)<br \/>\n\u2022 dr hab. in\u017c. Monika \u0141ada (AGH Akademia G\u00f3rniczo-Hutnicza w Krakowie)<br \/>\n\u2022 dr Ma\u0142gorzata Macuda (Uniwersytet Ekonomiczny w Poznaniu)<br \/>\n\u2022 prof. dr hab. Monika Marcinkowska (Uniwersytet \u0141\u00f3dzki)<br \/>\n\u2022 dr Marek Masztalerz (Uniwersytet Ekonomiczny w Poznaniu)<br \/>\n\u2022 dr Jan Michalak (Uniwersytet \u0141\u00f3dzki)<br \/>\n\u2022 dr Przemys\u0142aw Mu\u0107ko (Uniwersytet Szczeci\u0144ski)<br \/>\n\u2022 dr hab. Bart\u0142omiej Nita (Uniwersytet Ekonomiczny we Wroc\u0142awiu)<br \/>\n\u2022 dr hab. J\u00f3zef Pfaff (Uniwersytet Ekonomiczny w Katowicach)<br \/>\n\u2022 dr hab. Andrzej Piosik (Uniwersytet Ekonomiczny w Katowicach)<br \/>\n\u2022 dr hab. Marzena Remlein (Uniwersytet Ekonomiczny w Poznaniu)<br \/>\n\u2022 dr hab. Ma\u0142gorzata R\u00f3wi\u0144ska (Uniwersytet Ekonomiczny w Katowicach)<br \/>\n\u2022 prof. dr hab. Wanda Skoczylas (Uniwersytet Szczeci\u0144ski)<br \/>\n\u2022 prof. dr hab. S\u0142awomir Sojak (Uniwersytet Miko\u0142aja Kopernika w Toruniu)<br \/>\n\u2022 dr hab. Marzena Strojek-Filus (Uniwersytet Ekonomiczny w Katowicach)<br \/>\n\u2022 dr hab. Arleta Szadziewska (Uniwersytet Gda\u0144ski)<br \/>\n\u2022 dr hab. Miko\u0142aj Turzy\u0144ski (Uniwersytet \u0141\u00f3dzki)<br \/>\n\u2022 dr hab. Joanna Wielg\u00f3rska-Leszczy\u0144ska (Szko\u0142a G\u0142\u00f3wna Handlowa w War-szawie)<br \/>\n\u2022 prof. dr hab. Kazimiera Winiarska (Uniwersytet Szczeci\u0144ski)<br \/>\n\u2022 dr hab. Piotr W\u00f3jtowicz (Uniwersytet Ekonomiczny w Krakowie)<\/p>\n<p><strong>Foreign reviewers:\u00a0\u00a0 \u00a0<\/strong><br \/>\n\u2022 prof. dr Jaan Alver (Tallinn University of Technology, Estonia)<br \/>\n\u2022 prof. dr Snejana Basheva (University of National and World Economy, Bu\u0142garia)<br \/>\n\u2022 prof. dr Carmen Giorgiana Bonaci (Babe\u0219-Bolyai University, Rumunia)<br \/>\n\u2022 prof. dr Borislav Boyanov (University of National and World Economy, Bu\u0142garia)<br \/>\n\u2022 prof. dr Lina Dagiliene (Kaunas University of Technology, Litwa)<br \/>\n\u2022 prof. dr Lisa Jack (University of Portsmouth, Wielka Brytania)<br \/>\n\u2022 prof. dr in\u017c. Irena Jind\u0159ichovsk\u00e1 (Anglo-American University, Czechy)<br \/>\n\u2022 prof. dr \u0160viesa Leitonien\u0117 (Kaunas University of Technology, Litwa)<br \/>\n\u2022 prof. dr Maria Markova (University of National and World Economy, Bul-garia)<br \/>\n\u2022 prof. dr. Jan-Hendrik Meier (Kiel University of Applied Sciences, Niemcy)<br \/>\n\u2022 prof. dr Sinikka Moilanen (University of Oulu, Finlandia)<br \/>\n\u2022 prof. dr Jari Paranko (Tampere University of Technology, Finlandia)<br \/>\n\u2022 Tanya Payentko (National University of State Tax Service of Ukraine, Ukraina)<br \/>\n\u2022 prof. dr Kristina Rud\u017eionien\u0117 (Vilnius University, Litwa)<br \/>\n\u2022 prof. dr Alfreda Sapkauskiene ( Kaunas University of Technology, Litwa)<br \/>\n\u2022 prof. dr Iwona Vellam (University of Greenwich, Wielka Brytania).<\/p>\n","protected":false},"excerpt":{"rendered":"<p>Polish reviewers: \u2022 dr hab. Adam Adamczyk (Uniwersytet Szczeci\u0144ski) \u2022 dr hab. Jacek Adamek (Uniwersytet Ekonomiczny we Wroc\u0142awiu) \u2022 dr Nelli Artienwicz (Uniwersytet Gda\u0144ski) \u2022 dr Aleksandra Banaszkiewicz (Uniwersytet Miko\u0142aja Kopernika w Toruniu) \u2022 dr hab. Jolanta Chluska (Politechnika Cz\u0119stochowska) \u2022 prof. dr hab. Dorota Dobija (Akademia Leona Ko\u017ami\u0144skiego w Warszawie) \u2022 dr hab. Waldemar [&hellip;]<\/p>\n","protected":false},"author":1,"featured_media":0,"parent":54,"menu_order":995,"comment_status":"closed","ping_status":"closed","template":"","meta":{"_acf_changed":false,"footnotes":""},"class_list":["post-61","page","type-page","status-publish","hentry"],"acf":[],"_links":{"self":[{"href":"https:\/\/skwp.pl\/en\/wp-json\/wp\/v2\/pages\/61","targetHints":{"allow":["GET"]}}],"collection":[{"href":"https:\/\/skwp.pl\/en\/wp-json\/wp\/v2\/pages"}],"about":[{"href":"https:\/\/skwp.pl\/en\/wp-json\/wp\/v2\/types\/page"}],"author":[{"embeddable":true,"href":"https:\/\/skwp.pl\/en\/wp-json\/wp\/v2\/users\/1"}],"replies":[{"embeddable":true,"href":"https:\/\/skwp.pl\/en\/wp-json\/wp\/v2\/comments?post=61"}],"version-history":[{"count":3,"href":"https:\/\/skwp.pl\/en\/wp-json\/wp\/v2\/pages\/61\/revisions"}],"predecessor-version":[{"id":210,"href":"https:\/\/skwp.pl\/en\/wp-json\/wp\/v2\/pages\/61\/revisions\/210"}],"up":[{"embeddable":true,"href":"https:\/\/skwp.pl\/en\/wp-json\/wp\/v2\/pages\/54"}],"wp:attachment":[{"href":"https:\/\/skwp.pl\/en\/wp-json\/wp\/v2\/media?parent=61"}],"curies":[{"name":"wp","href":"https:\/\/api.w.org\/{rel}","templated":true}]}}