{"id":592,"date":"2024-02-19T10:16:56","date_gmt":"2024-02-19T09:16:56","guid":{"rendered":"https:\/\/skwp.pl\/en\/?page_id=592"},"modified":"2024-02-19T10:18:23","modified_gmt":"2024-02-19T09:18:23","slug":"2023-2","status":"publish","type":"page","link":"https:\/\/skwp.pl\/en\/ztr-theoretical-journal-of-accounting\/reviews-and-reviewers\/2023-2\/","title":{"rendered":"2023"},"content":{"rendered":"<p><strong>In 2023, the reviewers of the articles sent to ZTR were:<\/strong><\/p>\n<p><strong>Polish reviewers:<\/strong><\/p>\n<ul>\n<li>dr Nelli Artienwicz (Uniwersytet Gda\u0144ski)<\/li>\n<li>dr Anna Bartoszewicz (Uniwersytet Warmi\u0144sko-Mazurski w Olsztynie)<\/li>\n<li>dr Kinga Bauer (Uniwersytet Ekonomiczny w Krakowie)<\/li>\n<li>dr hab. Melania B\u0105k (Uniwersytet Ekonomiczny we Wroc\u0142awiu)<\/li>\n<li>dr hab. in\u017c. Micha\u0142 Biernacki (Uniwersytet Ekonomiczny we Wroc\u0142awiu)<\/li>\n<li>prof. dr hab. Jolanta Chluska (Politechnika Cz\u0119stochowska)<\/li>\n<li>dr hab. Marek Cie\u015blak (Uniwersytet Ekonomiczny w Poznaniu)<\/li>\n<li>dr Ewa Chojnacka (Uniwersytet Miko\u0142aja Kopernika w Toruniu)<\/li>\n<li>dr Micha\u0142 Comporek (Uniwersytet \u0141\u00f3dzki)<\/li>\n<li>dr Hanna Czaja-Cieszy\u0144ska (Uniwersytet Szczeci\u0144ski)<\/li>\n<li>dr hab. Waldemar Dotku\u015b (Pa\u0144stwowa Akademia Nauk Stosowanych w G\u0142ogowie)<\/li>\n<li>dr hab. Joanna Dyczkowska (Uniwersytet Ekonomiczny we Wroc\u0142awiu)<\/li>\n<li>dr Tomasz Dyczkowski (Uniwersytet Ekonomiczny we Wroc\u0142awiu)<\/li>\n<li>dr Aleksandra Ferens (Uniwersytet Ekonomiczny w Katowicach)<\/li>\n<li>dr Zuzanna Firkowska-Jakobsze (Uniwersytet \u0141\u00f3dzki)<\/li>\n<li>dr hab. Jacek Gad (Uniwersytet \u0141\u00f3dzki)<\/li>\n<li>dr hab. Justyna Godawska (Akademia G\u00f3rniczo-Hutnicza im. Stanis\u0142awa Staszica w Krakowie)<\/li>\n<li>prof. dr hab. Waldemar Gos (Uniwersytet Szczeci\u0144ski)<\/li>\n<li>dr hab. Konrad Grabi\u0144ski (Uniwersytet Ekonomiczny w Krakowie)<\/li>\n<li>dr hab. Ewa Hellich (Szko\u0142a G\u0142\u00f3wna Handlowa w Warszawie)<\/li>\n<li>dr hab. Artur Ho\u0142da (Uniwersytet Ekonomiczny w Krakowie)<\/li>\n<li>dr hab. Stanis\u0142aw Ho\u0144ko (Uniwersytet Szczeci\u0144ski)<\/li>\n<li>dr Maciej Hy\u017cy (Uniwersytet Gda\u0144ski)<\/li>\n<li>dr El\u017cbieta Jaworska (Zachodniopomorski Uniwersytet Technologiczny w Szczecinie)<\/li>\n<li>prof. dr hab. Magdalena Jerzemowska (Uniwersytet Gda\u0144ski)<\/li>\n<li>dr hab. Marcin J\u0119drzejczyk (Uniwersytet Ekonomiczny w Krakowie)<\/li>\n<li>dr Dariusz J\u0119drzejka (Uniwersytet \u0141\u00f3dzki)<\/li>\n<li>dr hab. Przemys\u0142aw Kabalski (Uniwersytet \u0141\u00f3dzki)<\/li>\n<li>dr Ma\u0142gorzata Kamieniecka (Uniwersytet Marii Curie-Sk\u0142odowskiej w Lublinie)<\/li>\n<li>dr hab. Mariusz Karwowski (Szko\u0142a G\u0142\u00f3wna Handlowa w Warszawie)<\/li>\n<li>dr Dominika Korzeniowska (Uniwersytet \u0141\u00f3dzki)<\/li>\n<li>dr hab. in\u017c. Alina Kozarkiewicz (Akademia G\u00f3rniczo-Hutnicza im. Stanis\u0142awa Staszica w Krakowie)<\/li>\n<li>dr hab. Joanna Krasodomska (Uniwersytet Ekonomiczny w Krakowie)<\/li>\n<li>dr Bart\u0142omiej Lisicki (Uniwersytet Ekonomiczny w Katowicach)<\/li>\n<li>dr hab. Joanna Lizi\u0144ska (Uniwersytet Ekonomiczny w Poznaniu)<\/li>\n<li>dr Piotr Luty (Uniwersytet Ekonomiczny we Wroc\u0142awiu)<\/li>\n<li>dr hab. Monika \u0141ada (Szko\u0142a G\u0142\u00f3wna Handlowa w Warszawie)<\/li>\n<li>dr hab. Ewa Wanda Maruszewska (Uniwersytet Ekonomiczny w Katowicach)<\/li>\n<li>dr Olga Martyniuk (Uniwersytet Gda\u0144ski)<\/li>\n<li>dr hab. Andrzej Niemiec (Uniwersytet Ekonomiczny w Poznaniu)<\/li>\n<li>dr hab. Marta Nowak (Uniwersytet Ekonomiczny we Wroc\u0142awiu)<\/li>\n<li>prof. dr hab. Marzena Remlein (Uniwersytet Ekonomiczny w Poznaniu)<\/li>\n<li>dr Ewa R\u00f3\u017ca\u0144ska (Uniwersytet Ekonomiczny w Poznaniu)<\/li>\n<li>dr hab. Beata Sadowska (Uniwersytet Szczeci\u0144ski)<\/li>\n<li>dr Tomasz Schabek (Uniwersytet \u0141\u00f3dzki)<\/li>\n<li>dr Dorota Sikora-Fernandez (Uniwersytet \u0141\u00f3dzki)<\/li>\n<li>dr Tomasz Sosnowski (Uniwersytet \u0141\u00f3dzki)<\/li>\n<li>dr Anna Staszel (Uniwersytet Ekonomiczny w Krakowie)<\/li>\n<li>dr hab. Arleta Szadziewska (Uniwersytet Gda\u0144ski)<\/li>\n<li>dr hab. Piotr Szczypa (Akademia Nauk Stosowanych w Koninie)<\/li>\n<li>dr hab. Ewa \u015anie\u017cek (Uniwersytet \u0141\u00f3dzki)<\/li>\n<li>dr Grzegorz Warzocha Uniwersytet Ekonomiczny we Wroc\u0142awiu)<\/li>\n<li>dr Agnieszka Wencel (Uniwersytet \u0141\u00f3dzki)<\/li>\n<li>dr Micha\u0142 Wiatr (Uniwersytet \u0141\u00f3dzki)<\/li>\n<li>dr hab. Piotr W\u00f3jtowicz (Uniwersytet Ekonomiczny w Krakowie)<\/li>\n<\/ul>\n<p><strong>Foreign reviewers:<\/strong><\/p>\n<ul>\n<li>dr Ivana Bulog (University of Split, Croatia)`<\/li>\n<li>dr Davide Calandra (University of Turin, Italy)<\/li>\n<li>Lina Kloviene (Kaunas University of Technology, Lithuania)<\/li>\n<li>dr Radosveta Krasteva-Hristova (Tsenov Academy of Economics, \u00a0Svishtov, Bulgaria)<\/li>\n<li>prof. dr \u0160viesa Leitonien\u0117 (Kaunas University of Technology, Lithuania)<\/li>\n<li>dr Da\u0161a Moko\u0161ov\u00e1 (University of Economics in Bratislava, Slovakia)<\/li>\n<li>prof. dr Tetiana Paientko (Hochschule f\u00fcr Technik und Wirtschaft Berlin \u2013 University of Applied Sciences, Germany)<\/li>\n<li>prof. dr Milos Petkovic (Singidunum University, Serbia)<\/li>\n<li>prof. dr David Proch\u00e1zka (Prague University of Economics and Business, Czech Republic)<\/li>\n<li>assoc. prof. dr Lilis Puspitawati (Universitas Komputer Indonesia, Bandung, Indonesia)<\/li>\n<li>dr Ana Rep (University of Zagreb, Croatia)<\/li>\n<li>prof. dr Kristina Rud\u017eionien\u0117 (Vilnius University, Lithuania)<\/li>\n<li>prof. Maryia Shygun (Kyiv National Economic University named after Vadym Hetman, Ukraina)<\/li>\n<li>prof. dr hab. Zsuzsanna Sz\u00e9les (Budapest Metropolitan University, Hungary)<\/li>\n<\/ul>\n<p>&nbsp;<\/p>\n","protected":false},"excerpt":{"rendered":"<p>In 2023, the reviewers of the articles sent to ZTR were: Polish reviewers: dr Nelli Artienwicz (Uniwersytet Gda\u0144ski) dr Anna Bartoszewicz (Uniwersytet Warmi\u0144sko-Mazurski w Olsztynie) dr Kinga Bauer (Uniwersytet Ekonomiczny w Krakowie) dr hab. Melania B\u0105k (Uniwersytet Ekonomiczny we Wroc\u0142awiu) dr hab. in\u017c. Micha\u0142 Biernacki (Uniwersytet Ekonomiczny we Wroc\u0142awiu) prof. dr hab. Jolanta Chluska (Politechnika [&hellip;]<\/p>\n","protected":false},"author":3,"featured_media":0,"parent":54,"menu_order":988,"comment_status":"closed","ping_status":"closed","template":"","meta":{"_acf_changed":false,"footnotes":""},"class_list":["post-592","page","type-page","status-publish","hentry"],"acf":[],"_links":{"self":[{"href":"https:\/\/skwp.pl\/en\/wp-json\/wp\/v2\/pages\/592","targetHints":{"allow":["GET"]}}],"collection":[{"href":"https:\/\/skwp.pl\/en\/wp-json\/wp\/v2\/pages"}],"about":[{"href":"https:\/\/skwp.pl\/en\/wp-json\/wp\/v2\/types\/page"}],"author":[{"embeddable":true,"href":"https:\/\/skwp.pl\/en\/wp-json\/wp\/v2\/users\/3"}],"replies":[{"embeddable":true,"href":"https:\/\/skwp.pl\/en\/wp-json\/wp\/v2\/comments?post=592"}],"version-history":[{"count":2,"href":"https:\/\/skwp.pl\/en\/wp-json\/wp\/v2\/pages\/592\/revisions"}],"predecessor-version":[{"id":594,"href":"https:\/\/skwp.pl\/en\/wp-json\/wp\/v2\/pages\/592\/revisions\/594"}],"up":[{"embeddable":true,"href":"https:\/\/skwp.pl\/en\/wp-json\/wp\/v2\/pages\/54"}],"wp:attachment":[{"href":"https:\/\/skwp.pl\/en\/wp-json\/wp\/v2\/media?parent=592"}],"curies":[{"name":"wp","href":"https:\/\/api.w.org\/{rel}","templated":true}]}}