{"id":59,"date":"2019-10-06T20:52:02","date_gmt":"2019-10-06T18:52:02","guid":{"rendered":"https:\/\/skwp.pl\/en\/?page_id=59"},"modified":"2021-04-21T14:05:56","modified_gmt":"2021-04-21T12:05:56","slug":"2017-2","status":"publish","type":"page","link":"https:\/\/skwp.pl\/en\/ztr-theoretical-journal-of-accounting\/reviews-and-reviewers\/2017-2\/","title":{"rendered":"2017"},"content":{"rendered":"<p><strong>In 2017, reviewers of articles submitted to be published in ZTR were:<\/p>\n<p>Polish reviewers:<\/strong><br \/>\ndr Nelli Artienwicz (Uniwersytet Gda\u0144ski)<br \/>\ndr Piotr Bednarek (Uniwersytet Ekonomiczny we Wroc\u0142awiu)<br \/>\ndr Katarzyna Bareja (Szko\u0142a G\u0142\u00f3wna Handlowa w Warszawi<br \/>\ndr Anna Bia\u0142ek-Jaworska (Uniwersytet Warszawski)<br \/>\ndr in\u017c. Micha\u0142 Biernacki (Uniwersytet Ekonomiczny we Wroc\u0142awiu)<br \/>\ndr hab. Marek Cie\u015blak (Uniwersytet Ekonomiczny w Poznaniu)<br \/>\ndr hab. Jolanta Chluska (Politechnika Cz\u0119stochowska)<br \/>\nprof. dr hab. Dorota Dobija (Akademia Leona Ko\u017ami\u0144skiego w Warszawie<br \/>\ndr hab. Waldemar Dotku\u015b (Uniwersytet Ekonomiczny we Wroc\u0142awi<br \/>\ndr Justyna Dyduch (Akademia G\u00f3rniczo-Hutnicza im. Stanis\u0142awa Staszica w Krakowie)<br \/>\ndr Joanna Dyczkowska (Uniwersytet Ekonomiczny we Wroc\u0142awiu)<br \/>\ndr Tomasz Dyczkowski (Uniwersytet Ekonomiczny we Wroc\u0142awiu)<br \/>\ndr Justyna Fija\u0142kowska (Uniwersytet \u0141\u00f3dzki)<br \/>\ndr hab. Wojciech Fliegner (Uniwersytet Ekonomiczny w Poznaniu)<br \/>\ndr Maciej Frendzel (Uniwersytet \u0141\u00f3dzki)<br \/>\nprof. dr hab. Waldemar Gos (Uniwersytet Szczeci\u0144ski)<br \/>\ndr hab. Konrad Grabi\u0144ski (Uniwersytet Ekonomiczny w Krakowie)<br \/>\ndr hab. Ewa Hellich (Szko\u0142a G\u0142\u00f3wna Handlowa w Warszawie)<br \/>\ndr hab. Artur Ho\u0142da (Uniwersytet Ekonomiczny w Krakowie)<br \/>\ndr hab. Stanis\u0142aw Ho\u0144ko (Uniwersytet Szczeci\u0144ski)<br \/>\ndr hab. Gabriela Idzikowska (emerytowany prof. Uniwersytetu \u0141\u00f3dzkiego)<br \/>\ndr hab. Rados\u0142aw Ignatowski (Uniwersytet \u0141\u00f3dzki)<br \/>\nprof. dr hab. Magdalena Jerzemowska (Uniwersytet Gda\u0144ski)<br \/>\nprof. dr hab. Aldona Kamela-Sowi\u0144ska (Uniwersytet Ekonomiczny w Poznaniu)<br \/>\ndr Mariusz Karwowski (Szko\u0142a G\u0142\u00f3wna Handlowa w Warszawie)<br \/>\ndr hab. Joanna Krasodomska (Uniwersytet Ekonomiczny w Krakowie)<br \/>\ndr Bartosz Kurek (Uniwersytet Ekonomiczny w Krakowie)<br \/>\ndr hab. in\u017c. Monika \u0141ada (Akademia G\u00f3rniczo-Hutnicza im. Stanis\u0142awa Staszica w Krakowie)<br \/>\ndr Ma\u0142gorzata Macuda (Uniwersytet Ekonomiczny w Poznaniu)<br \/>\nprof. dr hab. Monika Marcinkowska (Uniwersytet \u0141\u00f3dzki)<br \/>\ndr Marek Masztalerz (Uniwersytet Ekonomiczny w Poznaniu)<br \/>\ndr hab. Ewa W. Maruszewska (Uniwersytet Ekonomiczny w Katowicach)<br \/>\ndr Marta Mazurowska (Uniwersytet Ekonomiczny w Poznaniu)<br \/>\ndr Jan Michalak (Uniwersytet \u0141\u00f3dzki)<br \/>\ndr Piotr Modzelewski (Uniwersytet Warszawski)<br \/>\ndr Przemys\u0142aw Mu\u0107ko (Uniwersytet Szczeci\u0144ski)<br \/>\ndr hab. Remigiusz Napiecek (Uniwersytet Ekonomiczny w Poznaniu)<br \/>\nprof. dr hab. Edward Nowak (Uniwersytet Ekonomiczny we Wroc\u0142awiu)<br \/>\ndr Ryszard Orli\u0144ski (Pa\u0144stwowa Wy\u017csza Szko\u0142a Zawodowa w Kaliszu)<br \/>\ndr hab. J\u00f3zef Pfaff (Uniwersytet Ekonomiczny w Katowicach)<br \/>\ndr hab. Andrzej Piosik (Uniwersytet Ekonomiczny w Katowicach)<br \/>\ndr hab. Marzena Remlein (Uniwersytet Ekonomiczny w Poznaniu)<br \/>\nprof. dr hab. Wanda Skoczylas (Uniwersytet Szczeci\u0144ski)<br \/>\nprof. dr hab. S\u0142awomir Sojak (Uniwersytet Miko\u0142aja Kopernika w Toruniu)<br \/>\ndr hab. Arleta Szadziewska (Uniwersytet Gda\u0144ski)<br \/>\ndr hab. Miko\u0142aj Turzy\u0144ski (Uniwersytet \u0141\u00f3dzki)<br \/>\ndr Agnieszka Wencel (Uniwersytet \u0141\u00f3dzki)<br \/>\nprof. dr hab. Dariusz W\u0119dzki (Uniwersytet Ekonomiczny w Krakowie)<br \/>\ndr hab. Joanna Wielg\u00f3rska-Leszczy\u0144ska (Szko\u0142a G\u0142\u00f3wna Handlowa w Warszawie)<br \/>\ndr hab. Piotr W\u00f3jtowicz (Uniwersytet Ekonomiczny w Krakowie)<br \/>\ndr Ewelina Zarzycka (Uniwersytet \u0141\u00f3dzki)<br \/>\ndr Adam \u017bwirbla (Wy\u017csza Szko\u0142a Humanistyczno-Ekonomiczna we W\u0142oc\u0142awku)<\/p>\n<p><strong>Foreign reviewers:\u00a0<\/strong><br \/>\nprof. dr Catalin Nicolae Albu (The Bucharest Academy of Economic Studies, Romania)<br \/>\nprof. dr Nadia Albu (The Bucharest Academy of Economic Studies, Romania)<br \/>\nprof. dr Carmen Giorgiana Bonaci (Babe\u0219-Bolyai University, Romania)<br \/>\nprof. dr Borislav Boyanov (University of National and World Economy, Bulgaria)<br \/>\ndr Natalja Gurvit\u0161 (University of Tartu, Estonia)<br \/>\nprof. dr Toomas Haldma (University of Tartu, Estonia)<br \/>\nprof. dr Andreas Jansson (Linnaeus University, Sweden)<br \/>\nprof. dr. Karol Klimczak (University of Navarra, Spain)<br \/>\nprof. dr Kristina Kundeliene (Kaunas University of Technology, Lithuania)<br \/>\nprof. dr Ana Kundid Novokmet (University of Split, Chorwacja)<br \/>\nprof. dr \u0160viesa Leitonien\u0117 (Kaunas University of Technology, Litwa)<br \/>\nprof. dr. Jan-Hendrik Meier (Kiel University of Applied Sciences, Germany)<br \/>\nprof. dr Sinikka Moilanen (University of Oulu, Finlandia)<br \/>\nprof. dr \u00dclle P\u00e4rl (University of Tartu, Estonia)<br \/>\ndr Tanya Payentko (National University of State Tax Service of Ukraine, Ukraine)<br \/>\nprof. dr Adrijanna Rogosic (University of Split, Croatia)<br \/>\nprof. dr Kristina Rud\u017eionien\u0117 (Vilnius University, Lithuania)<br \/>\nprof. dr Alfreda Sapkauskiene ( Kaunas University of Technology, Lithuania)<\/p>\n","protected":false},"excerpt":{"rendered":"<p>In 2017, reviewers of articles submitted to be published in ZTR were: Polish reviewers: dr Nelli Artienwicz (Uniwersytet Gda\u0144ski) dr Piotr Bednarek (Uniwersytet Ekonomiczny we Wroc\u0142awiu) dr Katarzyna Bareja (Szko\u0142a G\u0142\u00f3wna Handlowa w Warszawi dr Anna Bia\u0142ek-Jaworska (Uniwersytet Warszawski) dr in\u017c. Micha\u0142 Biernacki (Uniwersytet Ekonomiczny we Wroc\u0142awiu) dr hab. Marek Cie\u015blak (Uniwersytet Ekonomiczny w Poznaniu) [&hellip;]<\/p>\n","protected":false},"author":1,"featured_media":0,"parent":54,"menu_order":994,"comment_status":"closed","ping_status":"closed","template":"","meta":{"_acf_changed":false,"footnotes":""},"class_list":["post-59","page","type-page","status-publish","hentry"],"acf":[],"_links":{"self":[{"href":"https:\/\/skwp.pl\/en\/wp-json\/wp\/v2\/pages\/59","targetHints":{"allow":["GET"]}}],"collection":[{"href":"https:\/\/skwp.pl\/en\/wp-json\/wp\/v2\/pages"}],"about":[{"href":"https:\/\/skwp.pl\/en\/wp-json\/wp\/v2\/types\/page"}],"author":[{"embeddable":true,"href":"https:\/\/skwp.pl\/en\/wp-json\/wp\/v2\/users\/1"}],"replies":[{"embeddable":true,"href":"https:\/\/skwp.pl\/en\/wp-json\/wp\/v2\/comments?post=59"}],"version-history":[{"count":1,"href":"https:\/\/skwp.pl\/en\/wp-json\/wp\/v2\/pages\/59\/revisions"}],"predecessor-version":[{"id":60,"href":"https:\/\/skwp.pl\/en\/wp-json\/wp\/v2\/pages\/59\/revisions\/60"}],"up":[{"embeddable":true,"href":"https:\/\/skwp.pl\/en\/wp-json\/wp\/v2\/pages\/54"}],"wp:attachment":[{"href":"https:\/\/skwp.pl\/en\/wp-json\/wp\/v2\/media?parent=59"}],"curies":[{"name":"wp","href":"https:\/\/api.w.org\/{rel}","templated":true}]}}