{"id":56,"date":"2019-10-06T18:43:15","date_gmt":"2019-10-06T16:43:15","guid":{"rendered":"https:\/\/skwp.pl\/en\/?page_id=56"},"modified":"2021-04-21T14:06:04","modified_gmt":"2021-04-21T12:06:04","slug":"reviewers-of-articles-submitted-to-be-published-in-ztr-in-2018","status":"publish","type":"page","link":"https:\/\/skwp.pl\/en\/ztr-theoretical-journal-of-accounting\/reviews-and-reviewers\/reviewers-of-articles-submitted-to-be-published-in-ztr-in-2018\/","title":{"rendered":"2018"},"content":{"rendered":"<p><strong>In 2018, reviewers of articles submitted to be published in ZTR were:<\/strong><\/p>\n<p><strong>Polish reviewers:<\/strong><br \/>\ndr Nelli Artienwicz (Uniwersytet Gda\u0144ski)<br \/>\ndr Aleksandra Banaszkiewicz (Uniwersytet Miko\u0142aja Kopernika w Toruniu)<br \/>\ndr Leszek Borowiec (Akademia Humanistyczno &#8211; Ekonomiczna w Warszawie)<br \/>\ndr hab. Bogus\u0142awa Bek-Gaik (Akademia G\u00f3rniczo-Hutnicza im. Stanis\u0142awa Staszica w Krakowie)<br \/>\ndr Anna Bia\u0142ek-Jaworska (Uniwersytet Warszawski)<br \/>\ndr Alicja Brodzka (Uniwersytet Ekonomiczny we Wroc\u0142awiu)<br \/>\ndr in\u017c. Micha\u0142 Biernacki (Uniwersytet Ekonomiczny we Wroc\u0142awiu)<br \/>\ndr hab. Marlena Ciechan-Kujawa (Uniwersytet Miko\u0142aja Kopernika w Toruniu)<br \/>\ndr hab. Jolanta Chluska (Politechnika Cz\u0119stochowska)<br \/>\ndr\u00a0 Adam Chmielewski (Uniwersytet Warszawski)<br \/>\nprof. dr hab. Dorota Dobija (Akademia Leona Ko\u017ami\u0144skiego w Warszawie)<br \/>\ndr hab. Waldemar Dotku\u015b (Uniwersytet Ekonomiczny we Wroc\u0142aw)<br \/>\ndr Justyna Dyduch (Akademia G\u00f3rniczo-Hutnicza im. Stanis\u0142awa Staszica w Krakowie)<br \/>\ndr Joanna Dyczkowska (Uniwersytet Ekonomiczny we Wroc\u0142awiu)<br \/>\ndr Tomasz Dyczkowski (Uniwersytet Ekonomiczny we Wroc\u0142awiu)<br \/>\ndr Maciej Frendzel (Uniwersytet \u0141\u00f3dzki)<br \/>\nprof. dr hab. Waldemar Gos (Uniwersytet Szczeci\u0144ski)<br \/>\ndr Ireneusz G\u00f3rowski (Uniwersytet Ekonomiczny w Krakowie)<br \/>\ndr hab. Konrad Grabi\u0144ski (Uniwersytet Ekonomiczny w Krakowie)<br \/>\ndr hab. Miros\u0142aw Hamrol (Uniwersytet Ekonomiczny w Poznaniu)<br \/>\ndr hab. Ewa Hellich (Szko\u0142a G\u0142\u00f3wna Handlowa w Warszawie)<br \/>\ndr hab. Stanis\u0142aw Ho\u0144ko (Uniwersytet Szczeci\u0144ski)<br \/>\ndr hab. Gabriela Idzikowska (emerytowany prof. Uniwersytetu \u0141\u00f3dzkiego)<br \/>\ndr hab. Rados\u0142aw Ignatowski (Uniwersytet \u0141\u00f3dzki)<br \/>\nprof. dr hab. Aldona Kamela-Sowi\u0144ska (Uniwersytet Ekonomiczny w Poznaniu)<br \/>\ndr hab. Joanna Krasodomska (Uniwersytet Ekonomiczny w Krakowie)<br \/>\ndr Bartosz Kurek (Uniwersytet Ekonomiczny w Krakowie)<br \/>\ndr hab. in\u017c. Monika \u0141ada (Akademia G\u00f3rniczo-Hutnicza im. Stanis\u0142awa Staszica w Krakowie)<br \/>\ndr Aleksandra \u0141akomiak(Uniwersytet Ekonomiczny we Wroc\u0142awiu)<br \/>\ndr Ma\u0142gorzata Macuda (Uniwersytet Ekonomiczny w Poznaniu)<br \/>\nprof. dr hab. Monika Marcinkowska (Uniwersytet \u0141\u00f3dzki)<br \/>\ndr Marek Masztalerz (Uniwersytet Ekonomiczny w Poznaniu)<br \/>\nprof. dr hab. Teresa Martyniuk (Sopocka Szko\u0142a Wy\u017csza)<br \/>\ndr Jan Michalak (Uniwersytet \u0141\u00f3dzki)<br \/>\ndr hab. Marta Nowak (Uniwersytet Ekonomiczny we Wroc\u0142awiu)<br \/>\ndr hab. J\u00f3zef Pfaff (Uniwersytet Ekonomiczny w Katowicach)<br \/>\ndr hab. Andrzej Piosik (Uniwersytet Ekonomiczny w Katowicach)<br \/>\ndr hab. Monika Raulinajtys-Grzybek (Szko\u0142a G\u0142\u00f3wna Handlowa w Warszawie)<br \/>\ndr hab. Marzena Remlein (Uniwersytet Ekonomiczny w Poznaniu)<br \/>\nprof. dr hab. Wanda Skoczylas (Uniwersytet Szczeci\u0144ski)<br \/>\nprof. dr hab. Irena Soba\u0144ska (Uniwersytet \u0141\u00f3dzki)<br \/>\nprof. dr hab. S\u0142awomir Sojak (Uniwersytet Miko\u0142aja Kopernika w Toruniu)<br \/>\ndr hab. Arleta Szadziewska (Uniwersytet Gda\u0144ski)<br \/>\ndr hab. Miko\u0142aj Turzy\u0144ski (Uniwersytet \u0141\u00f3dzki)<br \/>\ndr Grzegorz Warzocha (Uniwersytet Ekonomiczny we Wroc\u0142awiu)<br \/>\nprof. dr hab. Dariusz W\u0119dzki (Uniwersytet Ekonomiczny w Krakowie)<br \/>\nprof. dr hab. Kazimiera Winiarska (Uniwersytet Szczeci\u0144ski)<br \/>\ndr hab. Piotr W\u00f3jtowicz (Uniwersytet Ekonomiczny w Krakowie)<br \/>\ndr Ewelina Zarzycka (Uniwersytet \u0141\u00f3dzki)<br \/>\ndr Beata Zyznarska-Dworczak ((Uniwersytet Ekonomiczny w Poznaniu)<\/p>\n<p><strong>Foreign reviewers:<\/strong><br \/>\nprof. dr David Alexander &#8211; Professor Emeritus (University of Birmingham, UK)<br \/>\nprof. dr Catalin Nicolae Albu (The Bucharest Academy of Economic Studies, Romania)<br \/>\nprof. dr Ivana Bulog (University of Rijeka, Croatia)<br \/>\nprof. dr Ceslovas Christauskas (Kaunas University of Technology, Lithuania)<br \/>\nprof. dr Karsten Eisenschmidt (Kiel University of Applied Sciences, Germany)<br \/>\nprof. dr Vilma Kazlauskiene (Kaunas University of Technology, Lithuania)<br \/>\nprof. dr Kristina Kundeliene (Kaunas University of Technology, Lithuania)<br \/>\nprof. dr. Jan-Hendrik Meier (Kiel University of Applied Sciences, Germany)<br \/>\nprof. Tetiana Paientko (Kyiv National Economic University named after Vadym Hetman, Ukraine)<br \/>\nprof. dr Kristina Rud\u017eionien\u0117 (Vilnius University, Lithuania)<br \/>\nprof. dr Alfreda Sapkauskiene (Kaunas University of Technology, Lithuania)<\/p>\n","protected":false},"excerpt":{"rendered":"<p>In 2018, reviewers of articles submitted to be published in ZTR were: Polish reviewers: dr Nelli Artienwicz (Uniwersytet Gda\u0144ski) dr Aleksandra Banaszkiewicz (Uniwersytet Miko\u0142aja Kopernika w Toruniu) dr Leszek Borowiec (Akademia Humanistyczno &#8211; Ekonomiczna w Warszawie) dr hab. Bogus\u0142awa Bek-Gaik (Akademia G\u00f3rniczo-Hutnicza im. Stanis\u0142awa Staszica w Krakowie) dr Anna Bia\u0142ek-Jaworska (Uniwersytet Warszawski) dr Alicja Brodzka [&hellip;]<\/p>\n","protected":false},"author":1,"featured_media":0,"parent":54,"menu_order":993,"comment_status":"closed","ping_status":"closed","template":"","meta":{"_acf_changed":false,"footnotes":""},"class_list":["post-56","page","type-page","status-publish","hentry"],"acf":[],"_links":{"self":[{"href":"https:\/\/skwp.pl\/en\/wp-json\/wp\/v2\/pages\/56","targetHints":{"allow":["GET"]}}],"collection":[{"href":"https:\/\/skwp.pl\/en\/wp-json\/wp\/v2\/pages"}],"about":[{"href":"https:\/\/skwp.pl\/en\/wp-json\/wp\/v2\/types\/page"}],"author":[{"embeddable":true,"href":"https:\/\/skwp.pl\/en\/wp-json\/wp\/v2\/users\/1"}],"replies":[{"embeddable":true,"href":"https:\/\/skwp.pl\/en\/wp-json\/wp\/v2\/comments?post=56"}],"version-history":[{"count":3,"href":"https:\/\/skwp.pl\/en\/wp-json\/wp\/v2\/pages\/56\/revisions"}],"predecessor-version":[{"id":209,"href":"https:\/\/skwp.pl\/en\/wp-json\/wp\/v2\/pages\/56\/revisions\/209"}],"up":[{"embeddable":true,"href":"https:\/\/skwp.pl\/en\/wp-json\/wp\/v2\/pages\/54"}],"wp:attachment":[{"href":"https:\/\/skwp.pl\/en\/wp-json\/wp\/v2\/media?parent=56"}],"curies":[{"name":"wp","href":"https:\/\/api.w.org\/{rel}","templated":true}]}}