{"id":520,"date":"2023-01-12T11:14:47","date_gmt":"2023-01-12T10:14:47","guid":{"rendered":"https:\/\/skwp.pl\/en\/?page_id=520"},"modified":"2024-02-19T10:16:49","modified_gmt":"2024-02-19T09:16:49","slug":"2022-2","status":"publish","type":"page","link":"https:\/\/skwp.pl\/en\/ztr-theoretical-journal-of-accounting\/reviews-and-reviewers\/2022-2\/","title":{"rendered":"2022"},"content":{"rendered":"<p><strong>In 2022, the reviewers of the articles sent to ZTR were:<\/strong><\/p>\n<p><strong>\u00a0<\/strong><\/p>\n<p><strong>Polish reviewers:<\/strong><\/p>\n<ul>\n<li>dr hab. Jacek Adamek (Uniwersytet Ekonomiczny we Wroc\u0142awiu)<\/li>\n<li>dr Dorota Adamek-Hyska (Uniwersytet Ekonomiczny w Katowicach)<\/li>\n<li>dr Nelli Artienwicz (Uniwersytet Gda\u0144ski)<\/li>\n<li>dr Anna Bartoszewicz (<strong>Uniwersytet Warmi\u0144sko-Mazurski w Olsztynie)<\/strong><\/li>\n<li>dr Kinga Bauer (Uniwersytet Ekonomiczny w Krakowie)<\/li>\n<li>dr hab. Melania B\u0105k (Uniwersytet Ekonomiczny we Wroc\u0142awiu)<\/li>\n<li>dr in\u017c. Renata Biadacz (Politechnika Cz\u0119stochowska)<\/li>\n<li>dr hab. in\u017c. Micha\u0142 Biernacki (Uniwersytet Ekonomiczny we Wroc\u0142awiu)<\/li>\n<li>dr hab. Jolanta Chluska (Politechnika Cz\u0119stochowska)<\/li>\n<li>dr Przemys\u0142aw Czajor (Uniwersytet \u0141\u00f3dzki)<\/li>\n<li>dr hab. Joanna Dyczkowska (Uniwersytet Ekonomiczny we Wroc\u0142awiu)<\/li>\n<li>dr Zuzanna Firkowska-Jakobsze (Uniwersytet \u0141\u00f3dzki)<\/li>\n<li>dr hab. Jacek Gad (Uniwersytet \u0141\u00f3dzki)<\/li>\n<li>dr hab. Waldemar Gos (Uniwersytet Szczeci\u0144ski)<\/li>\n<li>dr hab. Ewa Hellich (Szko\u0142a G\u0142\u00f3wna Handlowa w Warszawie)<\/li>\n<li>dr hab. Artur Ho\u0142da (Uniwersytet Ekonomiczny w Krakowie)<\/li>\n<li>dr hab. Stanis\u0142aw Ho\u0144ko (Uniwersytet Szczeci\u0144ski)<\/li>\n<li>dr hab. Przemys\u0142aw Kabalski (Uniwersytet \u0141\u00f3dzki)<\/li>\n<li>dr hab. Mariusz Karwowski (Szko\u0142a G\u0142\u00f3wna Handlowa w Warszawie)<\/li>\n<li>dr Ilona K\u0119dzierska-Bujak (Uniwersytet Szczeci\u0144ski)<\/li>\n<li>dr hab. Karol Klimczak (Politechnika \u0141\u00f3dzka)<\/li>\n<li>dr Katarzyna Kobiela-Pionnier (Szko\u0142a G\u0142\u00f3wna Handlowa w Warszawie)<\/li>\n<li>dr Marcin Kowalewski (Uniwersytet Ekonomiczny we Wroc\u0142awiu)<\/li>\n<li>dr hab. Joanna Krasodomska (Uniwersytet Ekonomiczny w Krakowie)<\/li>\n<li>dr hab. Ewa Krok (Uniwersytet Szczeci\u0144ski)<\/li>\n<li>dr Jaros\u0142aw Kujawski (Uniwersytet Gda\u0144ski)<\/li>\n<li>dr hab. Bartosz Kurek (Uniwersytet Ekonomiczny w Krakowie)<\/li>\n<li>dr Piotr Luty (Uniwersytet Ekonomiczny we Wroc\u0142awiu)<\/li>\n<li>dr hab. Monika \u0141ada (Szko\u0142a G\u0142\u00f3wna Handlowa w Warszawie)<\/li>\n<li>dr Edyta \u0141azarowicz (Szko\u0142a G\u0142\u00f3wna Handlowa w Warszawie)<\/li>\n<li>dr hab. Jan Michalak (Uniwersytet \u0141\u00f3dzki)<\/li>\n<li>dr Przemys\u0142aw Mu\u0107ko (Uniwersytet Szczeci\u0144ski)<\/li>\n<li>dr hab. Bart\u0142omiej Nita (Uniwersytet Ekonomiczny we Wroc\u0142awiu)<\/li>\n<li>dr hab. Marta Nowak (Uniwersytet Ekonomiczny we Wroc\u0142awiu)<\/li>\n<li>dr hab. Iwona Olejnik (Uniwersytet Ekonomiczny w Poznaniu)<\/li>\n<li>dr hab. Andrzej Piosik (Uniwersytet Ekonomiczny w Katowicach)<\/li>\n<li>dr Katarzyna Piotrowska (Uniwersytet Ekonomiczny we Wroc\u0142awiu)<\/li>\n<li>dr Lucyna Poniatowska (Uniwersytet Ekonomiczny w Katowicach)<\/li>\n<li>dr Ewelina Rabiej (Uniwersytet Rzeszowski)<\/li>\n<li>dr hab. Marzena Remlein (Uniwersytet Ekonomiczny w Poznaniu)<\/li>\n<li>dr hab. Ma\u0142gorzata R\u00f3wi\u0144ska-Kr\u00e1l\u2019 (Uniwersytet Ekonomiczny w Katowicach)<\/li>\n<li>dr hab. Beata Sadowska (Uniwersytet Szczeci\u0144ski)<\/li>\n<li>dr hab. Artur Sajn\u00f3g (Uniwersytet \u0141\u00f3dzki)<\/li>\n<li>dr Tomasz Sosnowski (Uniwersytet \u0141\u00f3dzki)<\/li>\n<li>dr Anna Spoz (Katolicki Uniwersytet Lubelski Jana Paw\u0142a II w Lublinie)<\/li>\n<li>dr Anna Staszel (Uniwersytet Ekonomiczny w Krakowie)<\/li>\n<li>dr hab. Piotr Staszkiewicz (Szko\u0142a G\u0142\u00f3wna Handlowa w Warszawie)<\/li>\n<li>dr hab. Arleta Szadziewska\u00a0(Uniwersytet Gda\u0144ski)<\/li>\n<li>dr hab. Piotr Szczypa (Akademia Nauk Stosowanych w Koninie)<\/li>\n<li>dr hab. Ewa \u015anie\u017cek (Uniwersytet \u0141\u00f3dzki)<\/li>\n<li>dr hab. Katarzyna \u015awietla (Uniwersytet Ekonomiczny w Krakowie)<\/li>\n<li>dr Piotr Wa\u015bniewski (Uniwersytet Szczeci\u0144ski)<\/li>\n<li>dr Agnieszka Wencel (Uniwersytet \u0141\u00f3dzki)<\/li>\n<li>dr Magdalena W\u00f3jcik-Jurkiewicz (Uniwersytet Ekonomiczny w Krakowie)<\/li>\n<li>dr hab. Piotr W\u00f3jtowicz (Uniwersytet Ekonomiczny w Krakowie)<\/li>\n<li>dr hab. Ewelina Zarzycka (Uniwersytet \u0141\u00f3dzki)<\/li>\n<li>dr hab. Beata Zyznarska-Dworczak (Uniwersytet Ekonomiczny w Poznaniu)<\/li>\n<\/ul>\n<p>&nbsp;<\/p>\n<p><strong>Foreign reviewers:<\/strong><\/p>\n<p>&nbsp;<\/p>\n<ul>\n<li>Alina Almasan (West University of Timisoara, Romania)<\/li>\n<li>dr M\u0103d\u0103lina Dumitru (Bucharest University of Economic Studies, Romania)<\/li>\n<li>dr Agnieszka Herdan (University of Greenwich, Londyn, UK)<\/li>\n<li>ing.\u00a0Irena Jind\u0159ichovsk\u00e1 (Metropolitan University Prague, Czech Republic)<\/li>\n<li>dr Radosveta Krasteva-Hristova (Tsenov Academy of Economics, Svishtov, Bulgaria)<\/li>\n<li>dr \u0160viesa Leitonien\u0117 (Kaunas University of Technology, Lithuania)<\/li>\n<li>dr Ivana Mami\u0107 Sa\u010der (University of Zagreb, Croatia)<\/li>\n<li>dr. Jan-Hendrik Meier (Kiel University of Applied Sciences, Germany)<\/li>\n<li>dr Tetiana Paientko (Hochschule f\u00fcr Technik und Wirtschaft Berlin \u2013 University of Applied Sciences, Germany)<\/li>\n<li>dr Silvia Panfilio (University of Venice, Italy)<\/li>\n<li>dr Ivana Perica (University of Split, Croatia)<\/li>\n<li>dr Ana Rep (University of Zagreb, Croatia)<\/li>\n<\/ul>\n","protected":false},"excerpt":{"rendered":"<p>In 2022, the reviewers of the articles sent to ZTR were: \u00a0 Polish reviewers: dr hab. Jacek Adamek (Uniwersytet Ekonomiczny we Wroc\u0142awiu) dr Dorota Adamek-Hyska (Uniwersytet Ekonomiczny w Katowicach) dr Nelli Artienwicz (Uniwersytet Gda\u0144ski) dr Anna Bartoszewicz (Uniwersytet Warmi\u0144sko-Mazurski w Olsztynie) dr Kinga Bauer (Uniwersytet Ekonomiczny w Krakowie) dr hab. Melania B\u0105k (Uniwersytet Ekonomiczny we [&hellip;]<\/p>\n","protected":false},"author":3,"featured_media":0,"parent":54,"menu_order":989,"comment_status":"closed","ping_status":"closed","template":"","meta":{"_acf_changed":false,"footnotes":""},"class_list":["post-520","page","type-page","status-publish","hentry"],"acf":[],"_links":{"self":[{"href":"https:\/\/skwp.pl\/en\/wp-json\/wp\/v2\/pages\/520","targetHints":{"allow":["GET"]}}],"collection":[{"href":"https:\/\/skwp.pl\/en\/wp-json\/wp\/v2\/pages"}],"about":[{"href":"https:\/\/skwp.pl\/en\/wp-json\/wp\/v2\/types\/page"}],"author":[{"embeddable":true,"href":"https:\/\/skwp.pl\/en\/wp-json\/wp\/v2\/users\/3"}],"replies":[{"embeddable":true,"href":"https:\/\/skwp.pl\/en\/wp-json\/wp\/v2\/comments?post=520"}],"version-history":[{"count":3,"href":"https:\/\/skwp.pl\/en\/wp-json\/wp\/v2\/pages\/520\/revisions"}],"predecessor-version":[{"id":591,"href":"https:\/\/skwp.pl\/en\/wp-json\/wp\/v2\/pages\/520\/revisions\/591"}],"up":[{"embeddable":true,"href":"https:\/\/skwp.pl\/en\/wp-json\/wp\/v2\/pages\/54"}],"wp:attachment":[{"href":"https:\/\/skwp.pl\/en\/wp-json\/wp\/v2\/media?parent=520"}],"curies":[{"name":"wp","href":"https:\/\/api.w.org\/{rel}","templated":true}]}}