{"id":52,"date":"2019-10-06T18:41:54","date_gmt":"2019-10-06T16:41:54","guid":{"rendered":"https:\/\/skwp.pl\/en\/?page_id=52"},"modified":"2024-02-19T12:07:16","modified_gmt":"2024-02-19T11:07:16","slug":"editorial-team-and-program-council","status":"publish","type":"page","link":"https:\/\/skwp.pl\/en\/ztr-theoretical-journal-of-accounting\/editorial-team-and-program-council\/","title":{"rendered":"Editorial Team and Program Council"},"content":{"rendered":"<p><strong>Editor-in-chief<\/strong><\/p>\n<p><a href=\"https:\/\/www.wz.uni.lodz.pl\/wyszukaj-pracownika\/profil\/anna-szychta\">prof. dr hab. Anna Szychta<\/a>, University of \u0141\u00f3d\u017a, Poland &#8211;\u00a0E-mail:\u00a0<strong><a href=\"mailto:anna.szychta@uni.lodz.pl\">anna.szychta@uni.lodz.pl<\/a><\/strong><\/p>\n<p><strong>Editor for operational matters<\/strong>\u00a0&#8211;\u00a0E-mail:\u00a0<strong><a href=\"mailto:ztr@skwp.pl\">ztr@skwp.pl<\/a><\/strong><\/p>\n<p><a href=\"https:\/\/www.wz.uni.lodz.pl\/wyszukaj-pracownika\/profil\/halina-waniak-michalak\">dr hab. Halina Waniak-Michalak<\/a>, associate professor of University of \u0141\u00f3d\u017a, Poland<\/p>\n<p><strong>Subject editors\u00a0<\/strong>&#8211;\u00a0E-mail:\u00a0<strong><a href=\"mailto:ztr@skwp.pl\">ztr@skwp.pl<\/a><\/strong><\/p>\n<p><a href=\"https:\/\/ue.poznan.pl\/osoby\/prof-dr-hab-marzena-remlein\/\">prof. dr hab. Marzena Remlein<\/a>,\u00a0Pozna\u0144 University of Economics and Business, Poland<\/p>\n<p><a href=\"https:\/\/ue.poznan.pl\/osoby\/dr-hab-marek-masztalerz\/\">dr hab. Marek Masztalerz<\/a>, associate professor of Pozna\u0144 University of Economics and Business, Poland<\/p>\n<p><strong>Associate editor\u00a0<\/strong>&#8211;\u00a0E-mail:\u00a0<strong><a href=\"mailto:ztr@skwp.pl\">ztr@skwp.pl<\/a><\/strong><\/p>\n<p><a href=\"https:\/\/biogram.sgh.waw.pl\/#\/biogram\/mlada2\">dr hab. Monika \u0141ada<\/a>, associate professor of SGH Warsaw School of Economics, Poland<\/p>\n<p><strong>Statistical editor<\/strong><\/p>\n<p><a href=\"https:\/\/www.uni.lodz.pl\/en\/employee\/aleksandra-baszczynska\">dr hab. Aleksandra Baszczy\u0144ska<\/a>, University of \u0141\u00f3d\u017a, Poland<\/p>\n<p><strong>Guest editors<\/strong><\/p>\n<ul>\n<li>prof. dr Nadia Albu, Bucharest University of Economic Studies, Romania<\/li>\n<li>prof. Jim Haslam, Durham University, UK<\/li>\n<li>dr hab. Joanna Krasodomska, associate professor of Krakow University of Economics, Poland<\/li>\n<li>dr\u00a0Fredrik Karlsson, Linnaeus University, Sweden<\/li>\n<li>dr Jari Paranko, University of Tampere, Finland<\/li>\n<li>prof. dr David Proch\u00e1zka, Prague University of Economics and Business, Czech Republic<\/li>\n<li>prof. dr Andrijana Rogo\u0161i\u0107, University of Split, Croatia<\/li>\n<li>dr hab.\u00a0Arleta Szadziewska, associate professor of University of Gda\u0144sk, Poland<\/li>\n<\/ul>\n<p><strong>Polish language editor<\/strong><\/p>\n<p>El\u017cbieta Marciszewska \u2013 Kowalczyk<\/p>\n<p><strong>English language\u00a0editor<\/strong>\u00a0<strong>(native speaker)<\/strong><\/p>\n<p>Mark Muirhead, UK<\/p>\n<p><strong>Address of Editorial Team:<\/strong><\/p>\n<p>prof. dr hab. Anna Szychta<br \/>\nKatedra Rachunkowo\u015bci<br \/>\nWydzia\u0142 Zarz\u0105dzania<br \/>\nUniwersytet \u0141\u00f3dzki<br \/>\nJ. Matejki Str. 22\/26<br \/>\n90-237 \u0141\u00f3d\u017a, Poland<\/p>\n<p><strong>ztr@skwp.pl<\/strong><\/p>\n","protected":false},"excerpt":{"rendered":"<p>Editor-in-chief prof. dr hab. Anna Szychta, University of \u0141\u00f3d\u017a, Poland &#8211;\u00a0E-mail:\u00a0anna.szychta@uni.lodz.pl Editor for operational matters\u00a0&#8211;\u00a0E-mail:\u00a0ztr@skwp.pl dr hab. Halina Waniak-Michalak, associate professor of University of \u0141\u00f3d\u017a, Poland Subject editors\u00a0&#8211;\u00a0E-mail:\u00a0ztr@skwp.pl prof. dr hab. Marzena Remlein,\u00a0Pozna\u0144 University of Economics and Business, Poland dr hab. Marek Masztalerz, associate professor of Pozna\u0144 University of Economics and Business, Poland Associate editor\u00a0&#8211;\u00a0E-mail:\u00a0ztr@skwp.pl [&hellip;]<\/p>\n","protected":false},"author":1,"featured_media":0,"parent":9,"menu_order":0,"comment_status":"closed","ping_status":"closed","template":"","meta":{"_acf_changed":false,"footnotes":""},"class_list":["post-52","page","type-page","status-publish","hentry"],"acf":[],"_links":{"self":[{"href":"https:\/\/skwp.pl\/en\/wp-json\/wp\/v2\/pages\/52","targetHints":{"allow":["GET"]}}],"collection":[{"href":"https:\/\/skwp.pl\/en\/wp-json\/wp\/v2\/pages"}],"about":[{"href":"https:\/\/skwp.pl\/en\/wp-json\/wp\/v2\/types\/page"}],"author":[{"embeddable":true,"href":"https:\/\/skwp.pl\/en\/wp-json\/wp\/v2\/users\/1"}],"replies":[{"embeddable":true,"href":"https:\/\/skwp.pl\/en\/wp-json\/wp\/v2\/comments?post=52"}],"version-history":[{"count":11,"href":"https:\/\/skwp.pl\/en\/wp-json\/wp\/v2\/pages\/52\/revisions"}],"predecessor-version":[{"id":596,"href":"https:\/\/skwp.pl\/en\/wp-json\/wp\/v2\/pages\/52\/revisions\/596"}],"up":[{"embeddable":true,"href":"https:\/\/skwp.pl\/en\/wp-json\/wp\/v2\/pages\/9"}],"wp:attachment":[{"href":"https:\/\/skwp.pl\/en\/wp-json\/wp\/v2\/media?parent=52"}],"curies":[{"name":"wp","href":"https:\/\/api.w.org\/{rel}","templated":true}]}}