{"id":518,"date":"2023-01-12T11:13:25","date_gmt":"2023-01-12T10:13:25","guid":{"rendered":"https:\/\/skwp.pl\/en\/?page_id=518"},"modified":"2023-01-12T11:16:45","modified_gmt":"2023-01-12T10:16:45","slug":"2021-2","status":"publish","type":"page","link":"https:\/\/skwp.pl\/en\/ztr-theoretical-journal-of-accounting\/reviews-and-reviewers\/2021-2\/","title":{"rendered":"2021"},"content":{"rendered":"<p><strong>In 2021, the reviewers of the articles sent to ZTR were:<\/strong><\/p>\n<p><strong>Polish reviewers<\/strong><strong>:<\/strong><\/p>\n<ul>\n<li>dr hab. Jacek Adamek (Uniwersytet Ekonomiczny we Wroc\u0142awiu)<\/li>\n<li>dr Nelli Artienwicz (Uniwersytet Gda\u0144ski)<\/li>\n<li>dr hab. Wioletta Baran (Szko\u0142a G\u0142\u00f3wna Handlowa w Warszawie)<\/li>\n<li>dr Kinga Bauer (Uniwersytet Ekonomiczny w Krakowie)<\/li>\n<li>dr hab. in\u017c. Micha\u0142 Biernacki (Uniwersytet Ekonomiczny we Wroc\u0142awiu)<\/li>\n<li>prof. dr hab. Jolanta Chluska (Politechnika Cz\u0119stochowska)<\/li>\n<li>dr hab. Marek Cie\u015blak (Uniwersytet Ekonomiczny w Poznaniu)<\/li>\n<li>dr hab. Joanna Dyczkowska (Uniwersytet Ekonomiczny we Wroc\u0142awiu)<\/li>\n<li>dr Tomasz Dyczkowski (Uniwersytet Ekonomiczny we Wroc\u0142awiu)<\/li>\n<li>dr Justyna Fija\u0142kowska (Akademia Nauk Spo\u0142ecznych w \u0141odzi)<\/li>\n<li>prof. dr hab. Waldemar Gos (Uniwersytet Szczeci\u0144ski)<\/li>\n<li>dr hab. Konrad Grabi\u0144ski (Uniwersytet Ekonomiczny w Krakowie)<\/li>\n<li>dr hab. Ewa Hellich (Szko\u0142a G\u0142\u00f3wna Handlowa w Warszawie)<\/li>\n<li>dr hab. Artur Ho\u0142da (Uniwersytet Ekonomiczny w Krakowie)<\/li>\n<li>dr hab. Stanis\u0142aw Ho\u0144ko (Uniwersytet Szczeci\u0144ski)<\/li>\n<li>dr\u00a0 hab. Jacek Jaworski (Wy\u017csza Szko\u0142a Bankowa w Gda\u0144sku)<\/li>\n<li>dr hab. Przemys\u0142aw Kabalski (Uniwersytet \u0141\u00f3dzki)<\/li>\n<li>dr hab. Magdalena Kowalczyk (Uniwersytet Ekonomiczny w Poznaniu)<\/li>\n<li>dr hab. Joanna Krasodomska (Uniwersytet Ekonomiczny w Krakowie)<\/li>\n<li>dr hab. Bartosz Kurek (Uniwersytet Ekonomiczny w Krakowie)<\/li>\n<li>dr Monika Mazurowska (Uniwersytet Gda\u0144ski)<\/li>\n<li>dr hab. Ewa Wanda Maruszewska (Uniwersytet Ekonomiczny w Katowicach)<\/li>\n<li>dr hab. Jan Michalak (Uniwersytet \u0141\u00f3dzki)<\/li>\n<li>dr Bo\u017cena Nadolna (Zachodniopomorski Uniwersytet Technologiczny w Szczecinie)<\/li>\n<li>dr hab. Marta Nowak (Uniwersytet Ekonomiczny we Wroc\u0142awiu)<\/li>\n<li>dr hab. Remigiusz Napiecek (Uniwersytet Ekonomiczny w Poznaniu)<\/li>\n<li>dr hab. Bart\u0142omiej Nita (Uniwersytet Ekonomiczny we Wroc\u0142awiu)<\/li>\n<li>dr hab. Monika Raulinajtys-Grzybek (Szko\u0142a G\u0142\u00f3wna Handlowa w Warszawie)<\/li>\n<li>prof. dr hab. Marzena Remlein (Uniwersytet Ekonomiczny w Poznaniu)<\/li>\n<li>dr hab. Beata Sadowska (Uniwersytet Szczeci\u0144ski)<\/li>\n<li>prof. dr hab. S\u0142awomir Sojak (Uniwersytet im. Miko\u0142aja Kopernika w Toruniu)<\/li>\n<li>dr hab. Piotr Staszkiewicz (Szko\u0142a G\u0142\u00f3wna Handlowa w Warszawie)<\/li>\n<li>dr hab. Anna Surowiec (Akademia G\u00f3rniczo-Hutnicza w Krakowie)<\/li>\n<li>dr hab. Arleta Szadziewska\u00a0(Uniwersytet Gda\u0144ski)<\/li>\n<li>dr hab. Piotr Szczypa (Pa\u0144stwowa Wy\u017csza Szko\u0142a Zawodowa w Koninie)<\/li>\n<li>dr hab. Miko\u0142aj Turzy\u0144ski (Uniwersytet \u0141\u00f3dzki)<\/li>\n<li>prof. dr hab. Ewa Wali\u0144ska (Uniwersytet \u0141\u00f3dzki)<\/li>\n<li>dr Magdalena W\u00f3jcik-Jurkiewicz (Uniwersytet Ekonomiczny w Krakowie)<\/li>\n<li>dr hab. Ewelina Zarzycka (Uniwersytet \u0141\u00f3dzki)<\/li>\n<li>dr hab. Beata Zyznarska-Dworczak (Uniwersytet Ekonomiczny w Poznaniu)<\/li>\n<\/ul>\n<p><strong>\u00a0<\/strong><\/p>\n<p><strong>Foreign reviewers:<\/strong><\/p>\n<ul>\n<li>prof. dr David Alexander \u2013 Professor Emeritus (University of Birmingham, Wielka Brytania)<\/li>\n<li>prof. Alina Almasan (West University of Timisoara, Rumunia)<\/li>\n<li>prof. Tetiana Paientko (Kyiv National Economic University named after Vadym Hetman, Ukraina)<\/li>\n<li>prof. dr. Ricardo Sichel (Universidade Federal do Estado do Rio de Janeiro, Brazylia)<\/li>\n<li>prof. dr Slavko \u0160odan (University of Split, Chorwacja)<\/li>\n<li>prof. dr Tina Vuko (University of Split, Chorwacja)<\/li>\n<\/ul>\n","protected":false},"excerpt":{"rendered":"<p>In 2021, the reviewers of the articles sent to ZTR were: Polish reviewers: dr hab. Jacek Adamek (Uniwersytet Ekonomiczny we Wroc\u0142awiu) dr Nelli Artienwicz (Uniwersytet Gda\u0144ski) dr hab. Wioletta Baran (Szko\u0142a G\u0142\u00f3wna Handlowa w Warszawie) dr Kinga Bauer (Uniwersytet Ekonomiczny w Krakowie) dr hab. in\u017c. Micha\u0142 Biernacki (Uniwersytet Ekonomiczny we Wroc\u0142awiu) prof. dr hab. Jolanta [&hellip;]<\/p>\n","protected":false},"author":3,"featured_media":0,"parent":54,"menu_order":990,"comment_status":"closed","ping_status":"closed","template":"","meta":{"_acf_changed":false,"footnotes":""},"class_list":["post-518","page","type-page","status-publish","hentry"],"acf":[],"_links":{"self":[{"href":"https:\/\/skwp.pl\/en\/wp-json\/wp\/v2\/pages\/518","targetHints":{"allow":["GET"]}}],"collection":[{"href":"https:\/\/skwp.pl\/en\/wp-json\/wp\/v2\/pages"}],"about":[{"href":"https:\/\/skwp.pl\/en\/wp-json\/wp\/v2\/types\/page"}],"author":[{"embeddable":true,"href":"https:\/\/skwp.pl\/en\/wp-json\/wp\/v2\/users\/3"}],"replies":[{"embeddable":true,"href":"https:\/\/skwp.pl\/en\/wp-json\/wp\/v2\/comments?post=518"}],"version-history":[{"count":1,"href":"https:\/\/skwp.pl\/en\/wp-json\/wp\/v2\/pages\/518\/revisions"}],"predecessor-version":[{"id":519,"href":"https:\/\/skwp.pl\/en\/wp-json\/wp\/v2\/pages\/518\/revisions\/519"}],"up":[{"embeddable":true,"href":"https:\/\/skwp.pl\/en\/wp-json\/wp\/v2\/pages\/54"}],"wp:attachment":[{"href":"https:\/\/skwp.pl\/en\/wp-json\/wp\/v2\/media?parent=518"}],"curies":[{"name":"wp","href":"https:\/\/api.w.org\/{rel}","templated":true}]}}