{"id":368,"date":"2021-04-21T14:01:57","date_gmt":"2021-04-21T12:01:57","guid":{"rendered":"https:\/\/skwp.pl\/en\/?page_id=368"},"modified":"2021-04-21T14:06:16","modified_gmt":"2021-04-21T12:06:16","slug":"2020-2","status":"publish","type":"page","link":"https:\/\/skwp.pl\/en\/ztr-theoretical-journal-of-accounting\/reviews-and-reviewers\/2020-2\/","title":{"rendered":"2020"},"content":{"rendered":"<p>In 2020, the reviewers of the articles sent to ZTR were:<\/p>\n<p>Polish reviewers:<\/p>\n<p>dr hab. Jacek Adamek (Uniwersytet Ekonomiczny we Wroc\u0142awiu)<br \/>\ndr Nelli Artienwicz (Uniwersytet Gda\u0144ski)<br \/>\ndr Katarzyna Bareja (Szko\u0142a G\u00f3wna Handlowa w Warszawie)<br \/>\ndr hab. Bogus\u0142awa Bek-Gaik (Uniwersytet Ekonomiczny w Krakowie)<br \/>\ndr hab. Anna Bia\u0142ek-Jaworska (Uniwersytet Warszawski)<br \/>\ndr hab. in\u017c. Micha\u0142 Biernacki (Uniwersytet Ekonomiczny we Wroc\u0142awiu)<br \/>\nprof. dr hab. Jolanta Chluska (Politechnika Cz\u0119stochowska)<br \/>\ndr Ewa Chojnacka (Uniwersytet Miko\u0142aja Kopernika w Toruniu)<br \/>\ndr hab. Jolanta Ciak (Wy\u017csza Szko\u0142a Bankowa w Toruniu)<br \/>\ndr hab. Marek Cie\u015blak (Uniwersytet Ekonomiczny w Poznaniu)<br \/>\ndr Przemys\u0142aw Czajor (Uniwersytet \u0141\u00f3dzki)<br \/>\nprof. dr hab. Dorota Dobija (Akademia Leona Ko\u017ami\u0144skiego w Warszawie)<br \/>\ndr hab. Waldemar Dotku\u015b (Uniwersytet Ekonomiczny we Wroc\u0142awiu)<br \/>\ndr hab. Joanna Dyczkowska (Uniwersytet Ekonomiczny we Wroc\u0142awiu)<br \/>\ndr hab. Tomasz Dyczkowski (Uniwersytet Ekonomiczny we Wroc\u0142awiu)<br \/>\nprof. dr hab. Waldemar Gos (Uniwersytet Szczeci\u0144ski)<br \/>\ndr hab. Konrad Grabi\u0144ski (Uniwersytet Ekonomiczny w Krakowie)<br \/>\ndr hab. Ewa Hellich (Szko\u0142a G\u0142\u00f3wna Handlowa w Warszawie)<br \/>\ndr hab. Stanis\u0142aw Ho\u0144ko (Uniwersytet Szczeci\u0144ski)<br \/>\ndr Magdalena Janowicz (Uniwersytet Szczeci\u0144ski)<br \/>\nprof. dr hab. Magdalena Jerzemowska (Uniwersytet Gda\u0144ski)<br \/>\ndr hab. Magdalena Kowalczyk (Uniwersytet Ekonomiczny w Poznaniu)<br \/>\ndr hab. Joanna Krasodomska (Uniwersytet Ekonomiczny w Krakowie)<br \/>\ndr hab. Bartosz Kurek (Uniwersytet Ekonomiczny w Krakowie)<br \/>\ndr hab. in\u017c. Monika \u0141ada (Szko\u0142a G\u00f3wna Handlowa w Warszawie)<br \/>\ndr Ma\u0142gorzata Macuda (Uniwersytet Ekonomiczny w Poznaniu)<br \/>\ndr Ewa Ma\u0107kowiak (Uniwersytet Ekonomiczny w Katowicach)<br \/>\nprof. dr hab. Monika Marcinkowska (Uniwersytet \u0141\u00f3dzki)<br \/>\nprof. dr hab. Teresa Martyniuk (Sopocka Szko\u0142a Wy\u017csza)<br \/>\ndr hab. Ewa Wanda Maruszewska (Uniwersytet Ekonomiczny w Katowicach)<br \/>\ndr hab. Jan Michalak (Uniwersytet \u0141\u00f3dzki)<br \/>\ndr hab. Marta Nowak (Uniwersytet Ekonomiczny we Wroc\u0142awiu)<br \/>\ndr Przemys\u0142aw Mu\u0107ko (Uniwersytet Szczeci\u0144ski)<br \/>\ndr hab. Remigiusz Napiecek (Uniwersytet Ekonomiczny w Poznaniu)<br \/>\ndr hab. Andrzej Piosik (Uniwersytet Ekonomiczny w Katowicach)<br \/>\ndr hab. Monika Raulinajtys-Grzybek (Szko\u0142a G\u0142\u00f3wna Handlowa w Warszawie)<br \/>\nprof. dr hab. Marzena Remlein (Uniwersytet Ekonomiczny w Poznaniu)<br \/>\ndr Ewa R\u00f3\u017ca\u0144ska (Uniwersytet Ekonomiczny w Poznaniu)<br \/>\ndr hab. Beata Sadowska (Uniwersytet Szczeci\u0144ski)<br \/>\nprof. dr hab. Wanda Skoczylas (Uniwersytet Szczeci\u0144ski)<br \/>\ndr hab. Piotr Staszkiewicz (Szko\u0142a G\u0142\u00f3wna Handlowa w Warszawie)<br \/>\ndr hab. Arleta Szadziewska (Uniwersytet Gda\u0144ski)<br \/>\ndr hab. Katarzyna \u015awietla (Uniwersytet Ekonomiczny w Krakowie)<br \/>\ndr hab. Miko\u0142aj Turzy\u0144ski (Uniwersytet \u0141\u00f3dzki)<br \/>\nprof. dr hab. Ewa Wali\u0144ska (Uniwersytet \u0141\u00f3dzki)<br \/>\ndr Agnieszka Wencel (Uniwersytet \u0141\u00f3dzki)<br \/>\nprof. dr hab. Dariusz W\u0119dzki (Uniwersytet Ekonomiczny w Krakowie)<br \/>\ndr hab. Joanna Wielg\u00f3rska-Leszczy\u0144ska (Szko\u0142a G\u0142\u00f3wna Handlowa w Warszawie)<br \/>\ndr Magdalena W\u00f3jcik-Jurkiewicz (Uniwersytet Ekonomiczny w Krakowie)<br \/>\ndr hab. Piotr W\u00f3jtowicz (Uniwersytet Ekonomiczny w Krakowie)<\/p>\n<p>Foreign reviewers:<\/p>\n<p>prof. dr Catalin Nicolae Albu (The Bucharest Academy of Economic Studies, Romania)<br \/>\nprof. Alina Almasan (West University of Timisoara, Romania)<br \/>\nprof. Didier Bensadon (Paris-Dauphine University, France)<br \/>\ndr Ivana Bulog (University of Split, Croatia)<br \/>\ndr Agnieszka Herdan (University of Greenwich, Great Britain)<br \/>\ndoc. ing. Irena Jind\u0159ichovsk\u00e1 (Metropolitan University Prague, Chech Republic)<br \/>\nprof. dr Andreas Jansson (Linnaeus University, Sweden)<br \/>\nprof. dr \u0160viesa Leitonien\u0117 (Kaunas University of Technology, Lithuania)<br \/>\nprof. dr Carine Luangsay-Catelin (University of Burgundy, France)<br \/>\nprof. dr. Jan-Hendrik Meier (Kiel University of Applied Sciences, Germany)<br \/>\nprof. Tetiana Paientko (Kyiv National Economic University named after Vadym Hetman, Ukraine)<br \/>\ndoc. dr Ivana Pavi\u0107 (University of Zagreb, Croatia)<br \/>\ndr Hrvoje Per\u010devi\u0107 (University of Zagreb, Croatia)<br \/>\nprof. dr Adrijana Rogo\u0161i\u0107 (University of Split, Croatia)<br \/>\nprof. dr Rasa Suba\u010dien\u0117 (Vilnius University, Lithuania)<br \/>\nprof. Zsuzsanna Sz\u00e9les (Budapest Metropolitan University, Hungary)<br \/>\ndr Daiva Tamulevi\u010dien\u0117 (Vilnius University, Lithuania)<\/p>\n","protected":false},"excerpt":{"rendered":"<p>In 2020, the reviewers of the articles sent to ZTR were: Polish reviewers: dr hab. Jacek Adamek (Uniwersytet Ekonomiczny we Wroc\u0142awiu) dr Nelli Artienwicz (Uniwersytet Gda\u0144ski) dr Katarzyna Bareja (Szko\u0142a G\u00f3wna Handlowa w Warszawie) dr hab. Bogus\u0142awa Bek-Gaik (Uniwersytet Ekonomiczny w Krakowie) dr hab. Anna Bia\u0142ek-Jaworska (Uniwersytet Warszawski) dr hab. in\u017c. Micha\u0142 Biernacki (Uniwersytet Ekonomiczny [&hellip;]<\/p>\n","protected":false},"author":3,"featured_media":0,"parent":54,"menu_order":991,"comment_status":"closed","ping_status":"closed","template":"","meta":{"_acf_changed":false,"footnotes":""},"class_list":["post-368","page","type-page","status-publish","hentry"],"acf":[],"_links":{"self":[{"href":"https:\/\/skwp.pl\/en\/wp-json\/wp\/v2\/pages\/368","targetHints":{"allow":["GET"]}}],"collection":[{"href":"https:\/\/skwp.pl\/en\/wp-json\/wp\/v2\/pages"}],"about":[{"href":"https:\/\/skwp.pl\/en\/wp-json\/wp\/v2\/types\/page"}],"author":[{"embeddable":true,"href":"https:\/\/skwp.pl\/en\/wp-json\/wp\/v2\/users\/3"}],"replies":[{"embeddable":true,"href":"https:\/\/skwp.pl\/en\/wp-json\/wp\/v2\/comments?post=368"}],"version-history":[{"count":1,"href":"https:\/\/skwp.pl\/en\/wp-json\/wp\/v2\/pages\/368\/revisions"}],"predecessor-version":[{"id":369,"href":"https:\/\/skwp.pl\/en\/wp-json\/wp\/v2\/pages\/368\/revisions\/369"}],"up":[{"embeddable":true,"href":"https:\/\/skwp.pl\/en\/wp-json\/wp\/v2\/pages\/54"}],"wp:attachment":[{"href":"https:\/\/skwp.pl\/en\/wp-json\/wp\/v2\/media?parent=368"}],"curies":[{"name":"wp","href":"https:\/\/api.w.org\/{rel}","templated":true}]}}