{"id":366,"date":"2021-04-21T14:00:21","date_gmt":"2021-04-21T12:00:21","guid":{"rendered":"https:\/\/skwp.pl\/en\/?page_id=366"},"modified":"2021-04-21T14:06:10","modified_gmt":"2021-04-21T12:06:10","slug":"2019-2","status":"publish","type":"page","link":"https:\/\/skwp.pl\/en\/ztr-theoretical-journal-of-accounting\/reviews-and-reviewers\/2019-2\/","title":{"rendered":"2019"},"content":{"rendered":"<p>In 2019, reviewers of the articles sent to ZTR were:<\/p>\n<p>Polish reviewers:<\/p>\n<p>dr hab. Jacek Adamek (Uniwersytet Ekonomiczny we Wroc\u0142awiu)<br \/>\ndr hab. Pawe\u0142 Antonowicz (Uniwersytet Gda\u0144ski)<br \/>\ndr Nelli Artienwicz (Uniwersytet Gda\u0144ski)<br \/>\ndr Leszek Borowiec (Wy\u017csza Szko\u0142a Mened\u017cerska w Warszawie)<br \/>\ndr hab. Bogus\u0142awa Bek-Gaik (Akademia G\u00f3rniczo-Hutnicza im. Stanis\u0142awa Staszica w Krakowie)<br \/>\ndr Anna Bia\u0142ek-Jaworska (Uniwersytet Warszawski)<br \/>\ndr hab. in\u017c. Micha\u0142 Biernacki (Uniwersytet Ekonomiczny we Wroc\u0142awiu)<br \/>\ndr hab. Marlena Ciechan-Kujawa (Uniwersytet Miko\u0142aja Kopernika w Toruniu)<br \/>\ndr Maciej Cio\u0142ek (Uniwersytet Ekonomiczny w Poznaniu)<br \/>\ndr hab. Jolanta Chluska (Politechnika Cz\u0119stochowska)<br \/>\nprof. dr hab. Dorota Dobija (Akademia Leona Ko\u017ami\u0144skiego w Warszawie)<br \/>\ndr Tomasz Dyczkowski (Uniwersytet Ekonomiczny we Wroc\u0142awiu)<br \/>\ndr Justyna Fija\u0142kowska (Uniwersytet \u0141\u00f3dzki)<br \/>\ndr Maciej Frendzel (Uniwersytet \u0141\u00f3dzki)<br \/>\nprof. dr hab. Waldemar Gos (Uniwersytet Szczeci\u0144ski)<br \/>\ndr hab. Konrad Grabi\u0144ski (Uniwersytet Ekonomiczny w Krakowie)<br \/>\ndr hab. Ewa Hellich (Szko\u0142a G\u0142\u00f3wna Handlowa w Warszawie)<br \/>\ndr hab. Stanis\u0142aw Ho\u0144ko (Uniwersytet Szczeci\u0144ski)<br \/>\ndr hab. Gabriela Idzikowska (emerytowany prof. Uniwersytetu \u0141\u00f3dzkiego)<br \/>\ndr hab. Rados\u0142aw Ignatowski (Uniwersytet \u0141\u00f3dzki)<br \/>\ndr Jacek Kalinowski (Uniwersytet \u0141\u00f3dzki)<br \/>\nprof. dr hab. Aldona Kamela-Sowi\u0144ska (Uniwersytet Ekonomiczny w Poznaniu)<br \/>\ndr hab. Marcin K\u0119dzior (Uniwersytet Ekonomiczny w Krakowie)<br \/>\ndr hab. in\u017c. Roman Kotapski (Uniwersytet Ekonomiczny we Wroc\u0142awiu)<br \/>\ndr hab. Joanna Krasodomska (Uniwersytet Ekonomiczny w Krakowie)<br \/>\ndr hab. Bartosz Kurek (Uniwersytet Ekonomiczny w Krakowie)<br \/>\ndr Ma\u0142gorzata Macuda (Uniwersytet Ekonomiczny w Poznaniu)<br \/>\nprof. dr hab. Monika Marcinkowska (Uniwersytet \u0141\u00f3dzki)<br \/>\ndr hab. Ewa Wanda Maruszewska (Uniwersytet Ekonomiczny w Katowicach)<br \/>\ndr hab. Marek Masztalerz (Uniwersytet Ekonomiczny w Poznaniu)<br \/>\ndr hab. Pawe\u0142 Mielcarz (Akademia Leona Ko\u017ami\u0144skiego w Warszawie)<br \/>\ndr Piotr Modzelewski (Uniwersytet Warszawski)<br \/>\ndr Daria Moskwa-B\u0119czkowska (Politechnika \u015awi\u0119tokrzyska)<br \/>\ndr Przemys\u0142aw Mu\u0107ko (Uniwersytet Szczeci\u0144ski)<br \/>\ndr hab. Bart\u0142omiej Nita (Uniwersytet Ekonomiczny we Wroc\u0142awiu)<br \/>\ndr hab. J\u00f3zef Pfaff (Uniwersytet Ekonomiczny w Katowicach)<br \/>\ndr hab. Andrzej Piosik (Uniwersytet Ekonomiczny w Katowicach)<br \/>\ndr hab. Marzena Remlein (Uniwersytet Ekonomiczny w Poznaniu)<br \/>\ndr hab. Piotr Staszkiewicz (Szko\u0142a G\u0142\u00f3wna Handlowa w Warszawie)<br \/>\ndr hab. Ewa \u015anie\u017cek (Uniwersytet \u0141\u00f3dzki)<br \/>\ndr hab. Miko\u0142aj Turzy\u0144ski (Uniwersytet \u0141\u00f3dzki)<br \/>\nprof. dr hab. Ewa Wali\u0144ska (Uniwersytet \u0141\u00f3dzki)<br \/>\ndr Grzegorz Warzocha (Uniwersytet Ekonomiczny we Wroc\u0142awiu)<br \/>\ndr Agnieszka Wencel (Uniwersytet \u0141\u00f3dzki)<br \/>\ndr hab. Joanna Wielg\u00f3rska-Leszczy\u0144ska (Szko\u0142a G\u0142\u00f3wna Handlowa w Warszawie)<br \/>\ndr hab. Piotr W\u00f3jtowicz (Uniwersytet Ekonomiczny w Krakowie)<br \/>\ndr Pawe\u0142 Zieniuk (Uniwersytet Ekonomiczny w Krakowie)<\/p>\n<p>Foreign reviewers:<\/p>\n<p>prof. dr David Alexander \u2013 Professor Emeritus (University of Birmingham, Great Britain)<br \/>\nprof. dr Borislav Boyanov (University of National and World Economy, Bulgaria)<br \/>\nprof. dr Silvia Ferramosca (University of Pisa, Italy)<br \/>\nprof. dr Natalja Gurvit\u0161 (University of Tartu, Estonia)<br \/>\nprof. dr Andreas Jansson (Linnaeus University, Sweden)<br \/>\nprof. dr Karol Klimczak (University of Navarra, Spain)<br \/>\nprof. dr Kristina Kundeliene (Kaunas University of Technology, Lithuania)<br \/>\nprof. Tetiana Paientko (Kyiv National Economic University named after Vadym Hetman, Ukraine)<br \/>\nprof. dr \u00dclle P\u00e4rl (University of Tartu, Estonia)<br \/>\nprof. dr Adrijana Rogo\u0161i\u0107 (University of Split, Croatia)<br \/>\nprof. dr Kristina Rud\u017eionien\u0117 (Vilnius University, Lithuania)<br \/>\nprof. dr Alfreda Sapkauskiene (Kaunas University of Technology, Lithuania)<\/p>\n","protected":false},"excerpt":{"rendered":"<p>In 2019, reviewers of the articles sent to ZTR were: Polish reviewers: dr hab. Jacek Adamek (Uniwersytet Ekonomiczny we Wroc\u0142awiu) dr hab. Pawe\u0142 Antonowicz (Uniwersytet Gda\u0144ski) dr Nelli Artienwicz (Uniwersytet Gda\u0144ski) dr Leszek Borowiec (Wy\u017csza Szko\u0142a Mened\u017cerska w Warszawie) dr hab. Bogus\u0142awa Bek-Gaik (Akademia G\u00f3rniczo-Hutnicza im. Stanis\u0142awa Staszica w Krakowie) dr Anna Bia\u0142ek-Jaworska (Uniwersytet Warszawski) [&hellip;]<\/p>\n","protected":false},"author":3,"featured_media":0,"parent":54,"menu_order":992,"comment_status":"closed","ping_status":"closed","template":"","meta":{"_acf_changed":false,"footnotes":""},"class_list":["post-366","page","type-page","status-publish","hentry"],"acf":[],"_links":{"self":[{"href":"https:\/\/skwp.pl\/en\/wp-json\/wp\/v2\/pages\/366","targetHints":{"allow":["GET"]}}],"collection":[{"href":"https:\/\/skwp.pl\/en\/wp-json\/wp\/v2\/pages"}],"about":[{"href":"https:\/\/skwp.pl\/en\/wp-json\/wp\/v2\/types\/page"}],"author":[{"embeddable":true,"href":"https:\/\/skwp.pl\/en\/wp-json\/wp\/v2\/users\/3"}],"replies":[{"embeddable":true,"href":"https:\/\/skwp.pl\/en\/wp-json\/wp\/v2\/comments?post=366"}],"version-history":[{"count":1,"href":"https:\/\/skwp.pl\/en\/wp-json\/wp\/v2\/pages\/366\/revisions"}],"predecessor-version":[{"id":367,"href":"https:\/\/skwp.pl\/en\/wp-json\/wp\/v2\/pages\/366\/revisions\/367"}],"up":[{"embeddable":true,"href":"https:\/\/skwp.pl\/en\/wp-json\/wp\/v2\/pages\/54"}],"wp:attachment":[{"href":"https:\/\/skwp.pl\/en\/wp-json\/wp\/v2\/media?parent=366"}],"curies":[{"name":"wp","href":"https:\/\/api.w.org\/{rel}","templated":true}]}}