{"id":2,"date":"2019-10-04T12:34:55","date_gmt":"2019-10-04T10:34:55","guid":{"rendered":"https:\/\/skwp.pl\/en\/?page_id=2"},"modified":"2021-03-01T15:07:15","modified_gmt":"2021-03-01T14:07:15","slug":"contact","status":"publish","type":"page","link":"https:\/\/skwp.pl\/en\/contact\/","title":{"rendered":"Contact us"},"content":{"rendered":"\r\n<p>Stowarzyszenie Ksi\u0119gowych w Polsce<br \/>Accountants Association in Poland (AAP)<br \/>ul. G\u00f3rno\u015bl\u0105ska 5<br \/>00-443 Warszawa<\/p>\r\n<p><strong>Secretariat<\/strong><\/p>\r\n<p><strong>Tel: <\/strong>+48 22\u00a0622-77-80<br \/><strong>E-mail: <\/strong>sekretariat(at)skwp.pl<\/p>\r\n<p><strong>International Relations Departament<\/strong><\/p>\r\n<p><strong>Dorota Wycz\u00f3\u0142kowska<\/strong>, Technical Manager<br \/><strong>Tel.: <\/strong>+48 22\u00a0583-49-38<br \/><strong>E-mail:<\/strong> dorota.wyczolkowska(at)skwp.pl<br \/><br \/><\/p>\r\n","protected":false},"excerpt":{"rendered":"<p>Stowarzyszenie Ksi\u0119gowych w PolsceAccountants Association in Poland (AAP)ul. G\u00f3rno\u015bl\u0105ska 500-443 Warszawa Secretariat Tel: +48 22\u00a0622-77-80E-mail: sekretariat(at)skwp.pl International Relations Departament Dorota Wycz\u00f3\u0142kowska, Technical ManagerTel.: +48 22\u00a0583-49-38E-mail: dorota.wyczolkowska(at)skwp.pl<\/p>\n","protected":false},"author":1,"featured_media":0,"parent":0,"menu_order":6,"comment_status":"closed","ping_status":"closed","template":"","meta":{"_acf_changed":false,"footnotes":""},"class_list":["post-2","page","type-page","status-publish","hentry"],"acf":[],"_links":{"self":[{"href":"https:\/\/skwp.pl\/en\/wp-json\/wp\/v2\/pages\/2","targetHints":{"allow":["GET"]}}],"collection":[{"href":"https:\/\/skwp.pl\/en\/wp-json\/wp\/v2\/pages"}],"about":[{"href":"https:\/\/skwp.pl\/en\/wp-json\/wp\/v2\/types\/page"}],"author":[{"embeddable":true,"href":"https:\/\/skwp.pl\/en\/wp-json\/wp\/v2\/users\/1"}],"replies":[{"embeddable":true,"href":"https:\/\/skwp.pl\/en\/wp-json\/wp\/v2\/comments?post=2"}],"version-history":[{"count":5,"href":"https:\/\/skwp.pl\/en\/wp-json\/wp\/v2\/pages\/2\/revisions"}],"predecessor-version":[{"id":298,"href":"https:\/\/skwp.pl\/en\/wp-json\/wp\/v2\/pages\/2\/revisions\/298"}],"wp:attachment":[{"href":"https:\/\/skwp.pl\/en\/wp-json\/wp\/v2\/media?parent=2"}],"curies":[{"name":"wp","href":"https:\/\/api.w.org\/{rel}","templated":true}]}}