{"id":11,"date":"2019-10-06T16:33:39","date_gmt":"2019-10-06T14:33:39","guid":{"rendered":"https:\/\/skwp.pl\/en\/?page_id=11"},"modified":"2024-02-02T08:47:56","modified_gmt":"2024-02-02T07:47:56","slug":"organizational-structure","status":"publish","type":"page","link":"https:\/\/skwp.pl\/en\/organizational-structure\/","title":{"rendered":"Organizational Structure"},"content":{"rendered":"<table style=\"width: 100%;\" border=\"0\" width=\"100%\" cellspacing=\"0\" cellpadding=\"0\">\n<tbody>\n<tr>\n<td style=\"width: 100%; text-align: center;\" colspan=\"2\" align=\"center\"><img loading=\"lazy\" decoding=\"async\" class=\"aligncenter wp-image-32370 size-medium\" src=\"https:\/\/skwp.pl\/\/content\/uploads\/2023\/09\/S.-Honko-201x300.jpg\" alt=\"\" width=\"201\" height=\"300\" \/><br \/>\n<strong>prof. Stanis\u0142aw Ho\u0144ko<\/strong><\/p>\n<p style=\"text-align: center;\">President<\/p>\n<\/td>\n<\/tr>\n<tr>\n<td style=\"width: 50%;\" align=\"center\" valign=\"middle\"><span style=\"font-family: helvetica, arial, sans-serif;\"><strong><img loading=\"lazy\" decoding=\"async\" class=\"size-medium wp-image-32372 aligncenter\" src=\"https:\/\/skwp.pl\/\/content\/uploads\/2023\/09\/P.-Zieniuk-196x300.jpg\" alt=\"\" width=\"196\" height=\"300\" \/><\/strong><\/span><\/p>\n<p style=\"text-align: center;\"><strong>dr Pawe\u0142 Zieniuk<\/strong><\/p>\n<p style=\"text-align: center;\">Vice-President<\/p>\n<\/td>\n<td style=\"width: 50%;\" align=\"center\"><strong><span style=\"font-family: helvetica, arial, sans-serif;\"><img loading=\"lazy\" decoding=\"async\" class=\"size-medium wp-image-33155 aligncenter\" src=\"https:\/\/skwp.pl\/\/content\/uploads\/2023\/10\/DSC4568-195x300.jpg\" alt=\"\" width=\"195\" height=\"300\" \/><\/span><\/strong><\/p>\n<p style=\"text-align: center;\"><strong>prof. Gra\u017cyna Voss<\/strong><\/p>\n<p style=\"text-align: center;\">Vice-President<\/p>\n<\/td>\n<\/tr>\n<tr>\n<td style=\"width: 50%;\" align=\"center\" valign=\"middle\"><img loading=\"lazy\" decoding=\"async\" class=\"size-medium wp-image-32374 aligncenter\" src=\"https:\/\/skwp.pl\/\/content\/uploads\/2023\/09\/L.-Lewandowicz-207x300.jpg\" alt=\"\" width=\"207\" height=\"300\" \/><\/p>\n<p style=\"text-align: center;\"><strong>Leszek Lewandowicz<\/strong><\/p>\n<p style=\"text-align: center;\">Secretary<\/p>\n<\/td>\n<td style=\"width: 50%;\" align=\"center\" valign=\"middle\"><img loading=\"lazy\" decoding=\"async\" class=\"size-medium wp-image-32373 aligncenter\" src=\"https:\/\/skwp.pl\/\/content\/uploads\/2023\/09\/E.-Komorowska-200x300.jpg\" alt=\"\" width=\"200\" height=\"300\" \/><\/p>\n<p style=\"text-align: center;\"><strong>Ewa Komorowska<\/strong><\/p>\n<p style=\"text-align: center;\">Treasurer<\/p>\n<\/td>\n<\/tr>\n<\/tbody>\n<\/table>\n<p style=\"text-align: left;\" align=\"center\"><strong>Membership structure<\/strong><\/p>\n<p style=\"text-align: left;\">Ordinary Members (natural persons) \u2013 25,366<\/p>\n<p style=\"text-align: left;\">Chartered Accountants \u2013 4,063<\/p>\n<p style=\"text-align: left;\">Honorary Members \u2013 45<\/p>\n<p>&nbsp;<\/p>\n<table style=\"border-collapse: collapse; width: 100%;\">\n<tbody>\n<tr>\n<td style=\"width: 50%;\" colspan=\"2\"><strong>Association&#8217;s Authorities:<\/strong><\/td>\n<\/tr>\n<tr>\n<td style=\"width: 50%;\"><strong>CENTRAL BODIES:<\/strong><\/td>\n<td style=\"width: 50%;\"><strong>REGIONAL BODIES:<\/strong><\/td>\n<\/tr>\n<tr>\n<td style=\"width: 50%;\">National Assembly of Delegates<\/td>\n<td style=\"width: 50%;\">Regional Assemblies\u00a0 of Delegates<\/td>\n<\/tr>\n<tr>\n<td style=\"width: 50%;\">Main Board<\/td>\n<td style=\"width: 50%;\">Regional Boards<\/td>\n<\/tr>\n<tr>\n<td style=\"width: 50%;\">Main Audit Commission<\/td>\n<td style=\"width: 50%;\">Regional Audit Commissions<\/td>\n<\/tr>\n<tr>\n<td style=\"width: 50%;\">Main Peer Tribunal<\/td>\n<td style=\"width: 50%;\">Regional Peer Tribunals<\/td>\n<\/tr>\n<\/tbody>\n<\/table>\n<p>&nbsp;<\/p>\n<p style=\"text-align: left;\" align=\"center\"><strong>Organizational units of the Main Board:<\/strong><\/p>\n<p>Main Board Office<\/p>\n<p>Institute of Professional Certification for Accountants<\/p>\n<p>The association consists of 26 Regional Branches, the presidents of which are members of the Main Board. The following organizational units are subordinate to the Regional Branches of the Association.<\/p>\n<ul>\n<li>local branches \u2013 43<\/li>\n<li>in-company sections \u2013 43<\/li>\n<li>trade, local sections \u2013 55<\/li>\n<li>clubs \u2013 47<\/li>\n<li>youth sections \u2013 10<\/li>\n<li>\n<div align=\"left\">pension sections \u2013 6<\/div>\n<\/li>\n<\/ul>\n","protected":false},"excerpt":{"rendered":"<p>prof. Stanis\u0142aw Ho\u0144ko President dr Pawe\u0142 Zieniuk Vice-President prof. Gra\u017cyna Voss Vice-President Leszek Lewandowicz Secretary Ewa Komorowska Treasurer Membership structure Ordinary Members (natural persons) \u2013 25,366 Chartered Accountants \u2013 4,063 Honorary Members \u2013 45 &nbsp; Association&#8217;s Authorities: CENTRAL BODIES: REGIONAL BODIES: National Assembly of Delegates Regional Assemblies\u00a0 of Delegates Main Board Regional Boards Main Audit [&hellip;]<\/p>\n","protected":false},"author":1,"featured_media":0,"parent":0,"menu_order":2,"comment_status":"closed","ping_status":"closed","template":"","meta":{"_acf_changed":false,"footnotes":""},"class_list":["post-11","page","type-page","status-publish","hentry"],"acf":[],"_links":{"self":[{"href":"https:\/\/skwp.pl\/en\/wp-json\/wp\/v2\/pages\/11","targetHints":{"allow":["GET"]}}],"collection":[{"href":"https:\/\/skwp.pl\/en\/wp-json\/wp\/v2\/pages"}],"about":[{"href":"https:\/\/skwp.pl\/en\/wp-json\/wp\/v2\/types\/page"}],"author":[{"embeddable":true,"href":"https:\/\/skwp.pl\/en\/wp-json\/wp\/v2\/users\/1"}],"replies":[{"embeddable":true,"href":"https:\/\/skwp.pl\/en\/wp-json\/wp\/v2\/comments?post=11"}],"version-history":[{"count":16,"href":"https:\/\/skwp.pl\/en\/wp-json\/wp\/v2\/pages\/11\/revisions"}],"predecessor-version":[{"id":588,"href":"https:\/\/skwp.pl\/en\/wp-json\/wp\/v2\/pages\/11\/revisions\/588"}],"wp:attachment":[{"href":"https:\/\/skwp.pl\/en\/wp-json\/wp\/v2\/media?parent=11"}],"curies":[{"name":"wp","href":"https:\/\/api.w.org\/{rel}","templated":true}]}}